{"id":326,"date":"2017-02-01T22:13:46","date_gmt":"2017-02-01T21:13:46","guid":{"rendered":"https:\/\/www.peter-electronic.com\/de\/?page_id=326"},"modified":"2017-02-01T22:13:46","modified_gmt":"2017-02-01T21:13:46","slug":"vertriebsnetz","status":"publish","type":"page","link":"https:\/\/www.peter-electronic.com\/kontakt\/vertriebsnetz\/","title":{"rendered":"Vertriebsnetz"},"content":{"rendered":"<p>Wir sind national und international f\u00fcr unsere Kunden zu erreichen. Finden Sie ganz leicht einen unserer zahlreichen Vertriebspartner auch in Ihrer N\u00e4he. Oder m\u00f6chten Sie Teil unseres internationalen Vertriebsnetzes werden? Dann f\u00fcllen Sie einfach unser <a class=\"lightbox-link\" href=\"https:\/\/www.peter-electronic.com\/vertriebspartner-werden\/\">Vertriebspartnerformular<\/a> aus und wir setzen uns umgehend mit Ihnen in Verbindung.<br \/>\n<br \/>\n<a href=\"https:\/\/www.peter-electronic.com\/kontakt\/vertriebsnetz\/vertriebspartner-deutschland\/\">Vertriebspartner Deutschland<\/a><br \/>\n<br \/>\n<a href=\"https:\/\/www.peter-electronic.com\/kontakt\/vertriebsnetz\/vertriebspartner-europa\/\">Vertriebspartner Europa<\/a><br \/>\n<br \/>\n<a href=\"https:\/\/www.peter-electronic.com\/kontakt\/vertriebsnetz\/vertriebspartner-weltweit\/\">Vertriebspartner weltweit<\/a><\/p>\n","protected":false},"excerpt":{"rendered":"<p>Wir sind national und international f\u00fcr unsere Kunden zu erreichen. Finden Sie ganz leicht einen unserer zahlreichen Vertriebspartner auch in Ihrer N\u00e4he. Oder m\u00f6chten Sie Teil unseres internationalen Vertriebsnetzes werden? Dann f\u00fcllen Sie einfach unser Vertriebspartnerformular aus und wir setzen uns umgehend mit Ihnen in Verbindung. Vertriebspartner Deutschland Vertriebspartner Europa Vertriebspartner weltweit<\/p>\n","protected":false},"author":1,"featured_media":0,"parent":28,"menu_order":0,"comment_status":"closed","ping_status":"closed","template":"","meta":{"_acf_changed":false,"footnotes":""},"class_list":["post-326","page","type-page","status-publish","hentry"],"acf":[],"yoast_head":"<!-- This site is optimized with the Yoast SEO plugin v23.9 - https:\/\/yoast.com\/wordpress\/plugins\/seo\/ -->\n<title>Vertriebsnetz - Frequenzumrichter, Softstarter und Bremsger\u00e4te direkt vom Hersteller<\/title>\n<meta name=\"robots\" content=\"index, follow, max-snippet:-1, max-image-preview:large, max-video-preview:-1\" \/>\n<link rel=\"canonical\" href=\"https:\/\/www.peter-electronic.com\/kontakt\/vertriebsnetz\/\" \/>\n<script type=\"application\/ld+json\" class=\"yoast-schema-graph\">{\"@context\":\"https:\/\/schema.org\",\"@graph\":[{\"@type\":\"WebPage\",\"@id\":\"https:\/\/www.peter-electronic.com\/kontakt\/vertriebsnetz\/\",\"url\":\"https:\/\/www.peter-electronic.com\/kontakt\/vertriebsnetz\/\",\"name\":\"Vertriebsnetz - Frequenzumrichter, Softstarter und Bremsger\u00e4te direkt vom Hersteller\",\"isPartOf\":{\"@id\":\"https:\/\/www.peter-electronic.com\/#website\"},\"datePublished\":\"2017-02-01T21:13:46+00:00\",\"dateModified\":\"2017-02-01T21:13:46+00:00\",\"breadcrumb\":{\"@id\":\"https:\/\/www.peter-electronic.com\/kontakt\/vertriebsnetz\/#breadcrumb\"},\"inLanguage\":\"de\",\"potentialAction\":[{\"@type\":\"ReadAction\",\"target\":[\"https:\/\/www.peter-electronic.com\/kontakt\/vertriebsnetz\/\"]}]},{\"@type\":\"BreadcrumbList\",\"@id\":\"https:\/\/www.peter-electronic.com\/kontakt\/vertriebsnetz\/#breadcrumb\",\"itemListElement\":[{\"@type\":\"ListItem\",\"position\":1,\"name\":\"Startseite\",\"item\":\"https:\/\/www.peter-electronic.com\/\"},{\"@type\":\"ListItem\",\"position\":2,\"name\":\"Kontakt\",\"item\":\"https:\/\/www.peter-electronic.com\/kontakt\/\"},{\"@type\":\"ListItem\",\"position\":3,\"name\":\"Vertriebsnetz\"}]},{\"@type\":\"WebSite\",\"@id\":\"https:\/\/www.peter-electronic.com\/#website\",\"url\":\"https:\/\/www.peter-electronic.com\/\",\"name\":\"Frequenzumrichter, Softstarter und Bremsger\u00e4te direkt vom Hersteller\",\"description\":\"\",\"alternateName\":\"Frequenzumrichter, Softstarter und Bremsger\u00e4te direkt vom Hersteller\",\"potentialAction\":[{\"@type\":\"SearchAction\",\"target\":{\"@type\":\"EntryPoint\",\"urlTemplate\":\"https:\/\/www.peter-electronic.com\/?s={search_term_string}\"},\"query-input\":{\"@type\":\"PropertyValueSpecification\",\"valueRequired\":true,\"valueName\":\"search_term_string\"}}],\"inLanguage\":\"de\"}]}<\/script>\n<!-- \/ Yoast SEO plugin. -->","yoast_head_json":{"title":"Vertriebsnetz - Frequenzumrichter, Softstarter und Bremsger\u00e4te direkt vom Hersteller","robots":{"index":"index","follow":"follow","max-snippet":"max-snippet:-1","max-image-preview":"max-image-preview:large","max-video-preview":"max-video-preview:-1"},"canonical":"https:\/\/www.peter-electronic.com\/kontakt\/vertriebsnetz\/","schema":{"@context":"https:\/\/schema.org","@graph":[{"@type":"WebPage","@id":"https:\/\/www.peter-electronic.com\/kontakt\/vertriebsnetz\/","url":"https:\/\/www.peter-electronic.com\/kontakt\/vertriebsnetz\/","name":"Vertriebsnetz - Frequenzumrichter, Softstarter und Bremsger\u00e4te direkt vom Hersteller","isPartOf":{"@id":"https:\/\/www.peter-electronic.com\/#website"},"datePublished":"2017-02-01T21:13:46+00:00","dateModified":"2017-02-01T21:13:46+00:00","breadcrumb":{"@id":"https:\/\/www.peter-electronic.com\/kontakt\/vertriebsnetz\/#breadcrumb"},"inLanguage":"de","potentialAction":[{"@type":"ReadAction","target":["https:\/\/www.peter-electronic.com\/kontakt\/vertriebsnetz\/"]}]},{"@type":"BreadcrumbList","@id":"https:\/\/www.peter-electronic.com\/kontakt\/vertriebsnetz\/#breadcrumb","itemListElement":[{"@type":"ListItem","position":1,"name":"Startseite","item":"https:\/\/www.peter-electronic.com\/"},{"@type":"ListItem","position":2,"name":"Kontakt","item":"https:\/\/www.peter-electronic.com\/kontakt\/"},{"@type":"ListItem","position":3,"name":"Vertriebsnetz"}]},{"@type":"WebSite","@id":"https:\/\/www.peter-electronic.com\/#website","url":"https:\/\/www.peter-electronic.com\/","name":"Frequenzumrichter, Softstarter und Bremsger\u00e4te direkt vom Hersteller","description":"","alternateName":"Frequenzumrichter, Softstarter und Bremsger\u00e4te direkt vom Hersteller","potentialAction":[{"@type":"SearchAction","target":{"@type":"EntryPoint","urlTemplate":"https:\/\/www.peter-electronic.com\/?s={search_term_string}"},"query-input":{"@type":"PropertyValueSpecification","valueRequired":true,"valueName":"search_term_string"}}],"inLanguage":"de"}]}},"_links":{"self":[{"href":"https:\/\/www.peter-electronic.com\/index.php?rest_route=\/wp\/v2\/pages\/326","targetHints":{"allow":["GET"]}}],"collection":[{"href":"https:\/\/www.peter-electronic.com\/index.php?rest_route=\/wp\/v2\/pages"}],"about":[{"href":"https:\/\/www.peter-electronic.com\/index.php?rest_route=\/wp\/v2\/types\/page"}],"author":[{"embeddable":true,"href":"https:\/\/www.peter-electronic.com\/index.php?rest_route=\/wp\/v2\/users\/1"}],"replies":[{"embeddable":true,"href":"https:\/\/www.peter-electronic.com\/index.php?rest_route=%2Fwp%2Fv2%2Fcomments&post=326"}],"version-history":[{"count":0,"href":"https:\/\/www.peter-electronic.com\/index.php?rest_route=\/wp\/v2\/pages\/326\/revisions"}],"up":[{"embeddable":true,"href":"https:\/\/www.peter-electronic.com\/index.php?rest_route=\/wp\/v2\/pages\/28"}],"wp:attachment":[{"href":"https:\/\/www.peter-electronic.com\/index.php?rest_route=%2Fwp%2Fv2%2Fmedia&parent=326"}],"curies":[{"name":"wp","href":"https:\/\/api.w.org\/{rel}","templated":true}]}}