{"id":2939,"date":"2017-11-15T11:40:59","date_gmt":"2017-11-15T10:40:59","guid":{"rendered":"https:\/\/www.peter-electronic.com\/de\/?page_id=2939"},"modified":"2017-11-15T11:40:59","modified_gmt":"2017-11-15T10:40:59","slug":"shopbedingungen","status":"publish","type":"page","link":"https:\/\/www.peter-electronic.com\/shopbedingungen\/","title":{"rendered":"AGB &#8211; Shopbedingungen"},"content":{"rendered":"<p>&nbsp;<\/p>\n<ol>\n<ol>\n<li>Bezeichnung der Parteien \/ Geltungsbereich der Shopbedingungen<br \/>\n1.1 Die PETER electronic GmbH &amp; Co. KG wird nachfolgend als \u201ePETER<br \/>\nelectronic\u201c bezeichnet. Der Vertragspartner, welcher auf der Grundlage<br \/>\nnachfolgender Bedingungen Leistungen in Anspruch nimmt, wird nachfolgend<br \/>\nals \u201eBesteller\u201c bezeichnet.<br \/>\n1.2 Diese Shopbedingungen gelten f\u00fcr s\u00e4mtliche Vertragsbeziehungen von<br \/>\nPETER electronic mit Kaufleuten, juristischen Personen des \u00f6ffentlichen<br \/>\nRechts sowie \u00f6ffentlich-rechtlichen Sonderverm\u00f6gen, insbesondere jedoch<br \/>\nf\u00fcr Kauf- und Werklieferungsvertr\u00e4ge.<br \/>\n1.3 Die Shopbedingungen von PETER electronic gelten ausschlie\u00dflich.<br \/>\nEntgegenstehende oder von diesen Shopbedingungen abweichende<br \/>\nBedingungen des Bestellers werden vorbehaltlich einer anderweitigen<br \/>\nausdr\u00fccklichen und schriftlichen Abrede nicht anerkannt.<\/li>\n<li>Vertragsschluss \/ Nutzungsrechte<br \/>\n2.1 Bei dem Warenangebot auf der Seite www.peter-electronic.com handelt es<br \/>\nsich lediglich um eine Aufforderung zur Abgabe eines Angebots. Ein<br \/>\nVertrag kommt erst dadurch zustande, dass PETER electronic einen<br \/>\nAuftrag des Bestellers innerhalb eines Zeitraums von 7 Kalendertagen<br \/>\nzumindest in Textform best\u00e4tigt.<br \/>\n2.2 Werden dem Besteller Beschreibungen, Pl\u00e4ne, Zeichnungen und\/oder<br \/>\nSoftware \u00fcberlassen, die dem Schutz durch gewerbliche Schutzrechte oder<br \/>\ndem UrhG unterliegen, so verbleiben s\u00e4mtliche Verwertungsrechte,<br \/>\ninsbesondere auf Vervielf\u00e4ltigung und Verbreitung, bei PETER electronic.<br \/>\nDer Besteller ist nicht berechtigt, die vorbezeichneten Unterlagen sowie die<br \/>\nSoftware zu bearbeiten, zu \u00e4ndern oder umzugestalten.<br \/>\n2.3 Besteht die Bestellung in der Lieferung von Waren, auf denen Software,<br \/>\ninsbesondere Steuerungssoftware, bereits implementiert ist, so wird dem<br \/>\nBesteller eine nicht ausschlie\u00dfliche, zeitlich unbeschr\u00e4nkte Lizenz<br \/>\neinger\u00e4umt, die Software auf der gelieferten Ware im eigenen Unternehmen<br \/>\nf\u00fcr eigene Zwecke zu verwenden.<br \/>\n2.4 Die R\u00fcck\u00fcbersetzung des Programmcodes (Rekompilierung) oder die<br \/>\n\u00dcbertragung in andere Codeformen sowie sonstige Arten der R\u00fcckerschlie\u00dfung<br \/>\nder verschiedenen Herstellungsstufen der Software (ReverseEngineering)<br \/>\nist dem Besteller untersagt.<\/li>\n<li>Preise<br \/>\n3.1 Preise verstehen sich in EUR zzgl. gegebenenfalls anfallender<br \/>\nUmsatzsteuer.<br \/>\n3.2 Alle Preise gelten ab Werk (ex works Incoterms 2010) zzgl. Verpackung,<br \/>\nFracht, Z\u00f6lle, Versicherung, Zustellungsgeb\u00fchren. Ohne gesonderte<br \/>\nVereinbarung ist PETER electronic nicht verpflichtet, diese Leistungen f\u00fcr<br \/>\nden Besteller zu \u00fcbernehmen.<br \/>\n3.3 Bei einer Erh\u00f6hung von Kostenfaktoren nach Vertragsschluss, wie<br \/>\nMaterialbeschaffungskosten, insbesondere Rohstoffe wie Kupfer, Aluminium<br \/>\netc., sowie elektronischer Bauteile, die zu einer Erh\u00f6hung der St\u00fcckkosten<br \/>\nder jeweils zu liefernden Ware von mehr als 10% f\u00fchren, ist PETER<br \/>\nelectronic zur Anpassung der Verkaufspreise um den 10% \u00fcbersteigenden<br \/>\nAnteil berechtigt, sofern zwischen dem Zeitpunkt des Vertragsschlusses<br \/>\nund der Lieferung ein Zeitraum von mindestens vier Monaten liegt.<\/li>\n<li>Zahlung<br \/>\n4.1 Schecks und Wechsel gelten erst mit Einl\u00f6sung als Zahlung.<br \/>\n4.2 Zahlungsforderungen werden sp\u00e4testens 30 Tage nach Versendung der<br \/>\nRechnung f\u00e4llig.<br \/>\n4.3 Leistet der Besteller trotz F\u00e4lligkeit der Zahlungsforderung nicht innerhalb<br \/>\nvon 7 Kalendertagen nach Eintritt der F\u00e4lligkeit, so kommt er in Verzug,<br \/>\nohne dass es einer Mahnung bedarf.<br \/>\n4.4 Der Besteller kann nur mit rechtskr\u00e4ftig festgestellten oder unbestrittenen<br \/>\nForderungen aufrechnen.<br \/>\n4.5 Vorbehaltlich anderweitiger schriftlicher Vereinbarungen ist PETER<br \/>\nelectronic berechtigt, vom Besteller 100% Vorauszahlung zu verlangen.<\/li>\n<li>Lieferung<br \/>\n5.1 PETER electronic erbringt seine Leistung, sofern folgende Voraussetzungen<br \/>\neingehalten sind:<br \/>\na) Eingang des vereinbarten Zahlungsbetrages bzw. Einhaltung der<br \/>\nvereinbarten Zahlungsbedingungen.<br \/>\nb) Eingang s\u00e4mtlicher von Seiten des Bestellers zu liefernder Unterlagen,<br \/>\nerforderlichen Genehmigungen, Freigaben.<br \/>\nc) Es bestehen keine Hindernisse aufgrund von deutschen, USamerikanischen,<br \/>\neurop\u00e4ischen oder nationalen Au\u00dfenwirtschaftsgesetzen,<br \/>\naufgrund von Handelsembargos oder sonstiger v\u00f6lkerrechtlicher Sanktionen.<br \/>\n5.2 Sind diese Voraussetzungen nicht erf\u00fcllt, so kann PETER electronic dem<br \/>\nBesteller unter Androhung der K\u00fcndigung des Vertrages eine angemessene<br \/>\nNachfrist setzen und bei Verstreichen den Vertrag nach \u00a7\u00a7 643, 645<br \/>\nAbs.1 S.2 k\u00fcndigen.<\/li>\n<li>Lieferfristen \/ F\u00e4lligkeit<br \/>\n6.1 Lieferfristen und Termine sind nur dann verbindlich, wenn sie PETER<br \/>\nelectronic zumindest in Textform best\u00e4tigt. Die Lieferfrist beginnt nicht zu<br \/>\nlaufen, bevor die Voraussetzungen nach Ziff. 5.1 erf\u00fcllt sind. Sie<br \/>\nverl\u00e4ngert sich, sofern der Vertrag ge\u00e4ndert oder erg\u00e4nzt wird oder der<br \/>\nBesteller seinen Mitwirkungsverpflichtungen nur verz\u00f6gert nachkommt.<br \/>\n6.2 PETER electronic ist berechtigt, die Waren bereits vor F\u00e4lligkeit<br \/>\nanzuliefern.<br \/>\n6.3 Betriebsfremde Ereignisse, die von au\u00dfen durch elementare Naturkr\u00e4fte<br \/>\noder durch Handlungen Dritter herbeigef\u00fchrt werden, die nach<br \/>\nmenschlicher Einsicht und Erfahrung nicht vorhersehbar sind, werden<br \/>\nnachfolgend als h\u00f6here Gewalt bezeichnet.<br \/>\n6.4 Wird die Leistung von PETER electronic infolge eines Umstands, der als<br \/>\nh\u00f6here Gewalt zu bewerten ist, unm\u00f6glich, verz\u00f6gert oder erheblich<br \/>\nbehindert, oder fehlt es an einer der Voraussetzungen f\u00fcr die Lieferung<br \/>\ngem\u00e4\u00df Ziff. 5.1, so sind diese Folgen nicht als Vertragsverletzung zu<br \/>\nbewerten und berechtigen den Kunden weder zur Aufk\u00fcndigung bzw.<br \/>\nR\u00fcckabwicklung des Vertrags noch zur Geltendmachung von Anspr\u00fcchen<br \/>\naus Verzug.<\/li>\n<li>Gefahr\u00fcbergang<br \/>\nDie Gefahr des zuf\u00e4lligen Untergangs bzw. der zuf\u00e4lligen Besch\u00e4digung<br \/>\ndes Liefergegenstandes geht vorbehaltlich anderweitiger schriftlicher<br \/>\nVereinbarungen mit der Bereitstellung des Liefergegenstands im Werk von<br \/>\nPETER electronic auf den Besteller \u00fcber (Gefahr\u00fcbergang ex works<br \/>\ngem\u00e4\u00df Incoterms 2010).<\/li>\n<li>Mangelhaftung \/ M\u00e4ngelr\u00fcgen<br \/>\n8.1 Der Besteller hat die gelieferten Waren unverz\u00fcglich nach Erhalt auf<br \/>\nVollst\u00e4ndigkeit und Mangelfreiheit zu \u00fcberpr\u00fcfen. Erkennbare M\u00e4ngel hat<br \/>\nder Besteller PETER electronic unverz\u00fcglich, sp\u00e4testens jedoch innerhalb<br \/>\nvon 5 Arbeitstagen, schriftlich anzuzeigen. Die Schriftform ist auch dann<br \/>\ngewahrt, wenn die M\u00e4ngelr\u00fcge per Telefax \u00fcbersandt wurde. Im Falle<br \/>\neines verdeckten Mangels ist der Besteller gleichfalls verpflichtet, den<br \/>\nentdeckten Mangel unverz\u00fcglich, d.h. innerhalb eines Zeitraums von 5<br \/>\nArbeitstagen nach Entdeckung des Mangels, zu r\u00fcgen. Unterl\u00e4sst der<br \/>\nBesteller die Anzeige oder ist diese versp\u00e4tet, so gilt der Mangel als<br \/>\ngenehmigt.<br \/>\n8.2 Weisen gelieferte Waren nachweislich einen Sachmangel auf, so wird die<br \/>\nmangelhafte Leistung oder deren Teile nach Wahl von PETER electronic<br \/>\nunentgeltlich nachgebessert oder Ersatz geliefert.<br \/>\n8.3 Soweit ein Mangel der gelieferten Ware ausschlie\u00dflich in der<br \/>\nimplementierten Software besteht, so ist PETER electronic berechtigt,<br \/>\nzun\u00e4chst dadurch Nacherf\u00fcllung zu leisten, dass dem Besteller zumutbare<br \/>\nM\u00f6glichkeiten aufgezeigt werden, die Auswirkungen des Fehlers zu<br \/>\nvermeiden, oder der Softwarefehler durch \u00dcbermittlung eines Softwarepatches<br \/>\nbehoben wird.<br \/>\n8.4 Wird die Lieferung oder Leistung an einem anderen Ort als der<br \/>\ngewerblichen Niederlassung des Bestellers erbracht, so tr\u00e4gt der Besteller<br \/>\ndie hierdurch entstehenden (Mehr-) Aufwendungen der Nacherf\u00fcllung.<br \/>\n8.5 Entstehen PETER electronic durch die unbegr\u00fcndete Geltendmachung<br \/>\nvon M\u00e4ngelhaftungsanspr\u00fcchen Aufwendungen, so ist PETER electronic<br \/>\nberechtigt, vom Besteller deren Ausgleich zu verlangen.<br \/>\n8.6 Falls die Nacherf\u00fcllung endg\u00fcltig fehlschl\u00e4gt oder der Besteller PETER<br \/>\nelectronic unter Setzung angemessener Nacherf\u00fcllungsfristen zumindest<br \/>\nzwei mal die M\u00f6glichkeit einger\u00e4umt hat, den ger\u00fcgten Mangel zu<br \/>\nbeseitigen, so hat der Besteller das Recht, die Verg\u00fctung herabzusetzen<br \/>\noder nach Ma\u00dfgabe der Ziff. 9 Schadensersatz oder Ersatz vergeblicher<br \/>\nAufwendungen geltend zu machen. Zum R\u00fccktritt vom Vertrag ist der<br \/>\nBesteller nur dann berechtigt, wenn es sich um einen wesentlichen<br \/>\nMangel handelt. Wesentlich ist ein Mangel dann, wenn er die Gebrauchstauglichkeit<br \/>\nder Ware nicht nur unerheblich beeintr\u00e4chtigt.<br \/>\n8.7 Die Erstattung von Aus- und Einbaukosten schuldet PETER electronic nur<br \/>\nbei Verschulden nach Ma\u00dfgabe der Ziff. 9.<br \/>\n8.8 R\u00fcckgriffsanspr\u00fcche des Bestellers gegen PETER electronic gem\u00e4\u00df<br \/>\n\u00a7 478 BGB bestehen nur, soweit der Besteller mit seinen Kunden keine<br \/>\nAbreden getroffen hat, welche deren gesetzliche M\u00e4ngelanspr\u00fcche<br \/>\nerweitern, verl\u00e4ngern oder vereinfachen.<br \/>\n8.9 Gew\u00e4hrleistungsanspr\u00fcche des Bestellers auf Reparatur oder<br \/>\nNeulieferung sowie Anspr\u00fcche wegen Rechtsm\u00e4ngeln verj\u00e4hren in zw\u00f6lf<br \/>\nMonaten ab dem Zeitpunkt des Gefahr\u00fcbergangs auf den Besteller, soweit<br \/>\nPETER electronic nicht ein grobes Verschulden zur Last f\u00e4llt.<\/li>\n<li>Haftung f\u00fcr Schadensersatz<br \/>\n9.1 Die Haftung von PETER electronic f\u00fcr einfache Fahrl\u00e4ssigkeit wird<br \/>\nunabh\u00e4ngig vom Rechtsgrund ausgeschlossen. Dieser Ausschluss<br \/>\numfasst sowohl Anspr\u00fcche, die auf den Ersatz von Sch\u00e4den gerichtet<br \/>\nsind, sowie solche, die sich auf die Geltendmachung von Aufwendungen<br \/>\nbeziehen. Ausgenommen von diesem Ausschluss sind Sch\u00e4den:<br \/>\n\u25cf f\u00fcr die zwingend gehaftet wird, z. B. nach ProdHaftG,<br \/>\n\u25cf wegen der Verletzung des K\u00f6rpers oder der Gesundheit,<br \/>\n\u25cf wegen arglistigen Verschweigens eines Mangels oder<br \/>\n\u25cf wenn eine Pflicht verletzt wird, deren Einhaltung die ordnungsgem\u00e4\u00dfe<br \/>\nDurchf\u00fchrung des Vertrages \u00fcberhaupt erst erm\u00f6glicht und auf deren<br \/>\nEinhaltung der Vertragspartner regelm\u00e4\u00dfig vertrauen kann (Kardinalpflicht).<br \/>\n9.2 Haftet PETER electronic nach Ma\u00dfgabe der Ziff. 9.1, so ist die Haftung<br \/>\nauf den vertragstypisch vorhersehbaren Schaden begrenzt.<br \/>\n9.3 Haftet PETER electronic dem Grunde nach f\u00fcr einen infolge einfacher<br \/>\nFahrl\u00e4ssigkeit verursachten Schaden nach Ma\u00dfgabe der Ziffer 9.1<br \/>\nund\/oder 9.2, so wird die Haftung f\u00fcr Sach- und Verm\u00f6genssch\u00e4den<br \/>\nvorbehaltlich der Verletzung einer Kardinalpflicht summenm\u00e4\u00dfig auf das<br \/>\n5-fache des jeweiligen (Netto-) Auftragswerts pro Schadensfall<br \/>\nbeschr\u00e4nkt. Die Haftung f\u00fcr Personensch\u00e4den wird nicht eingeschr\u00e4nkt.<\/li>\n<li>Eigentumsvorbehalt \/ Vorausabtretung<br \/>\n10.1 Angelieferte Waren verbleiben bis zur vollst\u00e4ndigen Bezahlung s\u00e4mtlicher<br \/>\nForderungen aus der Gesch\u00e4ftsverbindung mit dem Besteller im Eigentum<br \/>\nvon PETER electronic (Vorbehaltsware).<br \/>\n10.2 W\u00e4hrend der Dauer des Eigentumsvorbehalts verwahrt der Besteller die<br \/>\nVorbehaltsware f\u00fcr PETER electronic. Der Besteller hat die Vorbehaltsware<br \/>\nausreichend, insbesondere gegen Diebstahl und Feuer, zu versichern.<br \/>\nAnspr\u00fcche gegen die Versicherung aus einem die Vorbehaltsware<br \/>\nbetreffenden Schadensfall werden bereits jetzt an PETER electronic<br \/>\nabgetreten, welcher diese Abtretungserkl\u00e4rung hiermit annimmt.<br \/>\n10.3 Solange der Eigentumsvorbehalt besteht, darf der Besteller die<br \/>\nVorbehaltsware weder verpf\u00e4nden noch zur Sicherheit \u00fcbereignen. Der<br \/>\nBesteller ist berechtigt, die Vorbehaltsware im ordnungsgem\u00e4\u00dfen<br \/>\nGesch\u00e4ftsverkehr zu ver\u00e4u\u00dfern.<br \/>\n10.4 Ver\u00e4u\u00dfert der Besteller Vorbehaltsware, so tritt er hiermit bereits jetzt alle<br \/>\nseine k\u00fcnftigen Forderungen aus der Weiterver\u00e4u\u00dferung der Vorbehaltsware<br \/>\nan Dritte sicherungshalber an PETER electronic ab.<br \/>\n10.5 Der Besteller bleibt auf Widerruf zur Einziehung der an PETER electronic<br \/>\nabgetretenen Forderung berechtigt. PETER electronic ist berechtigt, die<br \/>\nEinziehungserm\u00e4chtigung bei Vorliegen eines wichtigen Grundes zu<br \/>\nwiderrufen. Als wichtiger Grund gelten insbesondere: Zahlungsverzug von<br \/>\nwenigstens 30 Kalendertagen, Er\u00f6ffnung eines Insolvenzverfahrens,<br \/>\nAntrag des Bestellers auf Einleitung eines Insolvenzverfahrens sowie<br \/>\nbegr\u00fcndete Anhaltspunkte f\u00fcr eine drohende Zahlungsunf\u00e4higkeit des<br \/>\nBestellers. Auf Verlangen ist der Besteller verpflichtet, PETER electronic<br \/>\ndie zur Einziehung der abgetretenen Forderung erforderlichen Ausk\u00fcnfte<br \/>\nund Unterlagen zu erteilen und seine Abnehmer unverz\u00fcglich \u00fcber die<br \/>\nAbtretung zu informieren.<br \/>\n10.6 Nimmt der Besteller Forderungen aus der Weiterver\u00e4u\u00dferung der<br \/>\ngelieferten oder zu liefernden Vorbehaltsware in ein mit seinen<br \/>\nAbnehmern bestehendes Kontokorrent auf, so tritt er einen positiven<br \/>\nSaldo bereits jetzt in H\u00f6he des Betrages an PETER electronic ab, der dem<br \/>\nGesamtbetrag der in das Kontokorrentverh\u00e4ltnis eingestellten<br \/>\nForderungen aus der Weiterver\u00e4u\u00dferung der Vorbehaltsware entspricht.<br \/>\n10.7 Der Besteller ist berechtigt, die Vorbehaltsware zu verarbeiten,<br \/>\numzubilden oder mit anderen Gegenst\u00e4nden zu vermischen oder zu<br \/>\nverbinden. Verarbeitung oder Umbildung der Vorbehaltsware erfolgen<br \/>\nstets f\u00fcr PETER electronic. Die neu entstandene Sache gilt als<br \/>\nVorbehaltsware. Bei Verbindung und Vermischung der Vorbehaltsware mit<br \/>\nanderen Gegenst\u00e4nden des Kunden steht PETER electronic das<br \/>\nMiteigentum an der neuen Sache im Verh\u00e4ltnis des Rechnungswertes der<br \/>\nVorbehaltsware zum Rechnungswert der anderen Gegenst\u00e4nde zu.<br \/>\n10.8 \u00dcbersteigt der Wert der bestehenden Sicherheiten die laufenden<br \/>\nForderungen von PETER electronic um mehr als 20%, so ist PETER<br \/>\nelectronic auf Verlangen des Bestellers zur anteiligen R\u00fcck\u00fcbertragung<br \/>\nbzw. Freigabe verpflichtet.<\/li>\n<li>Freie K\u00fcndigung des Bestellers bei Werkliefervertr\u00e4gen<br \/>\nWird ein Vertrag \u00fcber die Lieferung einer individuell anzufertigenden<br \/>\nSache (Werkliefervertrag) von Seiten des Kunden frei gek\u00fcndigt, so ist<br \/>\nPETER electronic berechtigt, die bereits ausgef\u00fchrten Leistungen<br \/>\nabzurechnen und f\u00fcr die zum Zeitpunkt der K\u00fcndigung noch nicht<br \/>\nausgef\u00fchrte Leistung eine pauschale Verg\u00fctung in H\u00f6he von 20% zu<br \/>\nverlangen. Diese pauschalierte Verg\u00fctung steht PETER electronic jedoch<br \/>\ndann nicht zu, wenn der Besteller nachweist, dass PETER electronic<br \/>\n\u00fcberhaupt kein oder zumindest ein wesentlich geringerer Verg\u00fctungsanspruch<br \/>\nzusteht. PETER electronic wiederum bleibt es vorbehalten, einen<br \/>\nh\u00f6heren Gewinnanteil als die Pauschale nachzuweisen.<\/li>\n<li>Anzuwendendes Recht \/ Gerichtsstand<br \/>\n12.1 Es gilt deutsches Recht unter Ausschluss des UN-Kaufrechts.<br \/>\n12.2 Ausschlie\u00dflicher Gerichtsstand ist N\u00fcrnberg.<\/li>\n<li>Salvatorische Klausel<br \/>\nIst eine der vorstehenden Bestimmungen unwirksam, so wird dadurch die<br \/>\nG\u00fcltigkeit der anderen Bestimmungen nicht ber\u00fchrt.<\/li>\n<\/ol>\n<\/ol>\n<p>&nbsp;<\/p>\n<p>Stand August 2014<\/p>\n","protected":false},"excerpt":{"rendered":"<p>&nbsp; Bezeichnung der Parteien \/ Geltungsbereich der Shopbedingungen 1.1 Die PETER electronic GmbH &amp; Co. KG wird nachfolgend als \u201ePETER electronic\u201c bezeichnet. Der Vertragspartner, welcher auf der Grundlage nachfolgender Bedingungen Leistungen in Anspruch nimmt, wird nachfolgend als \u201eBesteller\u201c bezeichnet. 1.2 Diese Shopbedingungen gelten f\u00fcr s\u00e4mtliche Vertragsbeziehungen von PETER electronic mit Kaufleuten, juristischen Personen des \u00f6ffentlichen [&hellip;]<\/p>\n","protected":false},"author":1,"featured_media":0,"parent":0,"menu_order":0,"comment_status":"closed","ping_status":"closed","template":"","meta":{"_acf_changed":false,"footnotes":""},"class_list":["post-2939","page","type-page","status-publish","hentry"],"acf":[],"yoast_head":"<!-- This site is optimized with the Yoast SEO plugin v23.9 - https:\/\/yoast.com\/wordpress\/plugins\/seo\/ -->\n<title>Shopbedingungen - PETER electronic<\/title>\n<meta name=\"robots\" content=\"index, follow, max-snippet:-1, max-image-preview:large, max-video-preview:-1\" \/>\n<link rel=\"canonical\" href=\"https:\/\/www.peter-electronic.com\/shopbedingungen\/\" \/>\n<script type=\"application\/ld+json\" class=\"yoast-schema-graph\">{\"@context\":\"https:\/\/schema.org\",\"@graph\":[{\"@type\":\"WebPage\",\"@id\":\"https:\/\/www.peter-electronic.com\/shopbedingungen\/\",\"url\":\"https:\/\/www.peter-electronic.com\/shopbedingungen\/\",\"name\":\"Shopbedingungen - PETER electronic\",\"isPartOf\":{\"@id\":\"https:\/\/www.peter-electronic.com\/#website\"},\"datePublished\":\"2017-11-15T10:40:59+00:00\",\"dateModified\":\"2017-11-15T10:40:59+00:00\",\"breadcrumb\":{\"@id\":\"https:\/\/www.peter-electronic.com\/shopbedingungen\/#breadcrumb\"},\"inLanguage\":\"de\",\"potentialAction\":[{\"@type\":\"ReadAction\",\"target\":[\"https:\/\/www.peter-electronic.com\/shopbedingungen\/\"]}]},{\"@type\":\"BreadcrumbList\",\"@id\":\"https:\/\/www.peter-electronic.com\/shopbedingungen\/#breadcrumb\",\"itemListElement\":[{\"@type\":\"ListItem\",\"position\":1,\"name\":\"Startseite\",\"item\":\"https:\/\/www.peter-electronic.com\/\"},{\"@type\":\"ListItem\",\"position\":2,\"name\":\"AGB &#8211; Shopbedingungen\"}]},{\"@type\":\"WebSite\",\"@id\":\"https:\/\/www.peter-electronic.com\/#website\",\"url\":\"https:\/\/www.peter-electronic.com\/\",\"name\":\"Frequenzumrichter, Softstarter und Bremsger\u00e4te direkt vom Hersteller\",\"description\":\"\",\"alternateName\":\"Frequenzumrichter, Softstarter und Bremsger\u00e4te direkt vom Hersteller\",\"potentialAction\":[{\"@type\":\"SearchAction\",\"target\":{\"@type\":\"EntryPoint\",\"urlTemplate\":\"https:\/\/www.peter-electronic.com\/?s={search_term_string}\"},\"query-input\":{\"@type\":\"PropertyValueSpecification\",\"valueRequired\":true,\"valueName\":\"search_term_string\"}}],\"inLanguage\":\"de\"}]}<\/script>\n<!-- \/ Yoast SEO plugin. -->","yoast_head_json":{"title":"Shopbedingungen - PETER electronic","robots":{"index":"index","follow":"follow","max-snippet":"max-snippet:-1","max-image-preview":"max-image-preview:large","max-video-preview":"max-video-preview:-1"},"canonical":"https:\/\/www.peter-electronic.com\/shopbedingungen\/","schema":{"@context":"https:\/\/schema.org","@graph":[{"@type":"WebPage","@id":"https:\/\/www.peter-electronic.com\/shopbedingungen\/","url":"https:\/\/www.peter-electronic.com\/shopbedingungen\/","name":"Shopbedingungen - PETER electronic","isPartOf":{"@id":"https:\/\/www.peter-electronic.com\/#website"},"datePublished":"2017-11-15T10:40:59+00:00","dateModified":"2017-11-15T10:40:59+00:00","breadcrumb":{"@id":"https:\/\/www.peter-electronic.com\/shopbedingungen\/#breadcrumb"},"inLanguage":"de","potentialAction":[{"@type":"ReadAction","target":["https:\/\/www.peter-electronic.com\/shopbedingungen\/"]}]},{"@type":"BreadcrumbList","@id":"https:\/\/www.peter-electronic.com\/shopbedingungen\/#breadcrumb","itemListElement":[{"@type":"ListItem","position":1,"name":"Startseite","item":"https:\/\/www.peter-electronic.com\/"},{"@type":"ListItem","position":2,"name":"AGB &#8211; Shopbedingungen"}]},{"@type":"WebSite","@id":"https:\/\/www.peter-electronic.com\/#website","url":"https:\/\/www.peter-electronic.com\/","name":"Frequenzumrichter, Softstarter und Bremsger\u00e4te direkt vom Hersteller","description":"","alternateName":"Frequenzumrichter, Softstarter und Bremsger\u00e4te direkt vom Hersteller","potentialAction":[{"@type":"SearchAction","target":{"@type":"EntryPoint","urlTemplate":"https:\/\/www.peter-electronic.com\/?s={search_term_string}"},"query-input":{"@type":"PropertyValueSpecification","valueRequired":true,"valueName":"search_term_string"}}],"inLanguage":"de"}]}},"_links":{"self":[{"href":"https:\/\/www.peter-electronic.com\/index.php?rest_route=\/wp\/v2\/pages\/2939","targetHints":{"allow":["GET"]}}],"collection":[{"href":"https:\/\/www.peter-electronic.com\/index.php?rest_route=\/wp\/v2\/pages"}],"about":[{"href":"https:\/\/www.peter-electronic.com\/index.php?rest_route=\/wp\/v2\/types\/page"}],"author":[{"embeddable":true,"href":"https:\/\/www.peter-electronic.com\/index.php?rest_route=\/wp\/v2\/users\/1"}],"replies":[{"embeddable":true,"href":"https:\/\/www.peter-electronic.com\/index.php?rest_route=%2Fwp%2Fv2%2Fcomments&post=2939"}],"version-history":[{"count":0,"href":"https:\/\/www.peter-electronic.com\/index.php?rest_route=\/wp\/v2\/pages\/2939\/revisions"}],"wp:attachment":[{"href":"https:\/\/www.peter-electronic.com\/index.php?rest_route=%2Fwp%2Fv2%2Fmedia&parent=2939"}],"curies":[{"name":"wp","href":"https:\/\/api.w.org\/{rel}","templated":true}]}}