{"id":28,"date":"2017-01-23T16:53:19","date_gmt":"2017-01-23T15:53:19","guid":{"rendered":"https:\/\/www.peter-electronic.com\/blog\/?page_id=28"},"modified":"2024-07-30T08:48:59","modified_gmt":"2024-07-30T06:48:59","slug":"kontakt","status":"publish","type":"page","link":"https:\/\/www.peter-electronic.com\/kontakt\/","title":{"rendered":"Kontakt"},"content":{"rendered":"<p>Der Kontakt zu unseren Kunden ist uns besonders wichtig. Gerne nehmen wir Ihre Anfragen zu unserem Produktspektrum entgegen. F\u00fcllen Sie f\u00fcr umgehenden Service unser <a class=\"lightbox-link\" href=\"https:\/\/www.peter-electronic.com\/kontaktformular\/\">Kontaktformular<\/a> aus oder kontaktieren Sie einen unserer <a href=\"https:\/\/www.peter-electronic.com\/kontakt\/vertriebsnetz\/\">Vertriebspartner<\/a>. Selbstverst\u00e4ndlich stehen Ihnen unsere <a href=\"https:\/\/www.peter-electronic.com\/kontakt\/ansprechpartner\/\">Ansprechpartner<\/a> auch telefonisch zur Verf\u00fcgung.<\/p>\n<p><iframe loading=\"lazy\" style=\"border: 0;\" src=\"https:\/\/www.google.com\/maps\/embed?pb=!1m18!1m12!1m3!1d4179.269939075566!2d11.438483726971713!3d49.342105642470656!2m3!1f0!2f0!3f0!3m2!1i1024!2i768!4f13.1!3m3!1m2!1s0x479f645b3f83eca7%3A0xb868c098d94ae9cd!2sBruck%C3%A4cker+9%2C+92348+Berg+bei+Neumarkt+in+der+Oberpfalz%2C+Deutschland!5e0!3m2!1sde!2sus!4v1485186858338\" width=\"600\" height=\"450\" frameborder=\"0\" allowfullscreen=\"allowfullscreen\"><\/iframe><\/p>\n<hr \/>\n<div class=\"col2-set\">\n<div class=\"col-1\">\n<h2>Ihr Weg zu uns<\/h2>\n<p>Die Autobahn A3 in Richtung Regensburg\/Passau an der Ausfahrt (91) Ober\u00f6lsbach\/Berg verlassen. Danach abbiegen in Richtung Berg. Nach 2,4 km links abbiegen ins Gewerbegebiet Meilenhofen-Ost. Sofort nach rechts dem Wegweiser \u201cPETER electronic\u201d folgen.<\/p>\n<ul class=\"downloads\">\n<li class=\"download-item download-item--pdf\"><a href=\"https:\/\/www.peter-electronic.com\/wp-content\/uploads\/2023\/03\/Anfahrtsplan_PETER_electronic-1.pdf\" target=\"_blank\" rel=\"noopener\">PDF - Anfahrtsplan<\/a><\/li>\n<\/ul>\n<\/div>\n<div class=\"col-2\">\n<h2>Adresse<\/h2>\n<p>PETER electronic GmbH &amp; Co. KG<br \/>\nBruck\u00e4cker\u00a09, 92348\u00a0Berg<\/p>\n<p>Telefon: +49 (0) 91 89 \/ 41 47 0<br \/>\nTelefax: +49 (0) 91 89 \/ 41 47 47<br \/>\n<a class=\"lightbox-link\" href=\"https:\/\/www.peter-electronic.com\/kontaktformular\/\">mail@peter-electronic.com<\/a><br \/>\n<\/p>\n<div style=\"height: 14px\">\n<\/div>\n<p><a class=\"button lightbox-link\" href=\"https:\/\/www.peter-electronic.com\/kontaktformular\/\">Kontaktformular<\/a><\/p>\n<\/div>\n<\/div>\n","protected":false},"excerpt":{"rendered":"<p>Der Kontakt zu unseren Kunden ist uns besonders wichtig. Gerne nehmen wir Ihre Anfragen zu unserem Produktspektrum entgegen. F\u00fcllen Sie f\u00fcr umgehenden Service unser Kontaktformular aus oder kontaktieren Sie einen unserer Vertriebspartner. Selbstverst\u00e4ndlich stehen Ihnen unsere Ansprechpartner auch telefonisch zur Verf\u00fcgung. Ihr Weg zu uns Die Autobahn A3 in Richtung Regensburg\/Passau an der Ausfahrt (91) [&hellip;]<\/p>\n","protected":false},"author":1,"featured_media":0,"parent":0,"menu_order":0,"comment_status":"closed","ping_status":"closed","template":"","meta":{"_acf_changed":false,"footnotes":""},"class_list":["post-28","page","type-page","status-publish","hentry"],"acf":[],"yoast_head":"<!-- This site is optimized with the Yoast SEO plugin v23.9 - https:\/\/yoast.com\/wordpress\/plugins\/seo\/ -->\n<title>Kontakt - Frequenzumrichter, Softstarter und Bremsger\u00e4te direkt vom Hersteller<\/title>\n<meta name=\"robots\" content=\"index, follow, max-snippet:-1, max-image-preview:large, max-video-preview:-1\" \/>\n<link rel=\"canonical\" href=\"https:\/\/www.peter-electronic.com\/kontakt\/\" \/>\n<script type=\"application\/ld+json\" class=\"yoast-schema-graph\">{\"@context\":\"https:\/\/schema.org\",\"@graph\":[{\"@type\":\"WebPage\",\"@id\":\"https:\/\/www.peter-electronic.com\/kontakt\/\",\"url\":\"https:\/\/www.peter-electronic.com\/kontakt\/\",\"name\":\"Kontakt - Frequenzumrichter, Softstarter und Bremsger\u00e4te direkt vom Hersteller\",\"isPartOf\":{\"@id\":\"https:\/\/www.peter-electronic.com\/#website\"},\"datePublished\":\"2017-01-23T15:53:19+00:00\",\"dateModified\":\"2024-07-30T06:48:59+00:00\",\"breadcrumb\":{\"@id\":\"https:\/\/www.peter-electronic.com\/kontakt\/#breadcrumb\"},\"inLanguage\":\"de\",\"potentialAction\":[{\"@type\":\"ReadAction\",\"target\":[\"https:\/\/www.peter-electronic.com\/kontakt\/\"]}]},{\"@type\":\"BreadcrumbList\",\"@id\":\"https:\/\/www.peter-electronic.com\/kontakt\/#breadcrumb\",\"itemListElement\":[{\"@type\":\"ListItem\",\"position\":1,\"name\":\"Startseite\",\"item\":\"https:\/\/www.peter-electronic.com\/\"},{\"@type\":\"ListItem\",\"position\":2,\"name\":\"Kontakt\"}]},{\"@type\":\"WebSite\",\"@id\":\"https:\/\/www.peter-electronic.com\/#website\",\"url\":\"https:\/\/www.peter-electronic.com\/\",\"name\":\"Frequenzumrichter, Softstarter und Bremsger\u00e4te direkt vom Hersteller\",\"description\":\"\",\"alternateName\":\"Frequenzumrichter, Softstarter und Bremsger\u00e4te direkt vom Hersteller\",\"potentialAction\":[{\"@type\":\"SearchAction\",\"target\":{\"@type\":\"EntryPoint\",\"urlTemplate\":\"https:\/\/www.peter-electronic.com\/?s={search_term_string}\"},\"query-input\":{\"@type\":\"PropertyValueSpecification\",\"valueRequired\":true,\"valueName\":\"search_term_string\"}}],\"inLanguage\":\"de\"}]}<\/script>\n<!-- \/ Yoast SEO plugin. -->","yoast_head_json":{"title":"Kontakt - Frequenzumrichter, Softstarter und Bremsger\u00e4te direkt vom Hersteller","robots":{"index":"index","follow":"follow","max-snippet":"max-snippet:-1","max-image-preview":"max-image-preview:large","max-video-preview":"max-video-preview:-1"},"canonical":"https:\/\/www.peter-electronic.com\/kontakt\/","schema":{"@context":"https:\/\/schema.org","@graph":[{"@type":"WebPage","@id":"https:\/\/www.peter-electronic.com\/kontakt\/","url":"https:\/\/www.peter-electronic.com\/kontakt\/","name":"Kontakt - Frequenzumrichter, Softstarter und Bremsger\u00e4te direkt vom Hersteller","isPartOf":{"@id":"https:\/\/www.peter-electronic.com\/#website"},"datePublished":"2017-01-23T15:53:19+00:00","dateModified":"2024-07-30T06:48:59+00:00","breadcrumb":{"@id":"https:\/\/www.peter-electronic.com\/kontakt\/#breadcrumb"},"inLanguage":"de","potentialAction":[{"@type":"ReadAction","target":["https:\/\/www.peter-electronic.com\/kontakt\/"]}]},{"@type":"BreadcrumbList","@id":"https:\/\/www.peter-electronic.com\/kontakt\/#breadcrumb","itemListElement":[{"@type":"ListItem","position":1,"name":"Startseite","item":"https:\/\/www.peter-electronic.com\/"},{"@type":"ListItem","position":2,"name":"Kontakt"}]},{"@type":"WebSite","@id":"https:\/\/www.peter-electronic.com\/#website","url":"https:\/\/www.peter-electronic.com\/","name":"Frequenzumrichter, Softstarter und Bremsger\u00e4te direkt vom Hersteller","description":"","alternateName":"Frequenzumrichter, Softstarter und Bremsger\u00e4te direkt vom Hersteller","potentialAction":[{"@type":"SearchAction","target":{"@type":"EntryPoint","urlTemplate":"https:\/\/www.peter-electronic.com\/?s={search_term_string}"},"query-input":{"@type":"PropertyValueSpecification","valueRequired":true,"valueName":"search_term_string"}}],"inLanguage":"de"}]}},"_links":{"self":[{"href":"https:\/\/www.peter-electronic.com\/index.php?rest_route=\/wp\/v2\/pages\/28","targetHints":{"allow":["GET"]}}],"collection":[{"href":"https:\/\/www.peter-electronic.com\/index.php?rest_route=\/wp\/v2\/pages"}],"about":[{"href":"https:\/\/www.peter-electronic.com\/index.php?rest_route=\/wp\/v2\/types\/page"}],"author":[{"embeddable":true,"href":"https:\/\/www.peter-electronic.com\/index.php?rest_route=\/wp\/v2\/users\/1"}],"replies":[{"embeddable":true,"href":"https:\/\/www.peter-electronic.com\/index.php?rest_route=%2Fwp%2Fv2%2Fcomments&post=28"}],"version-history":[{"count":5,"href":"https:\/\/www.peter-electronic.com\/index.php?rest_route=\/wp\/v2\/pages\/28\/revisions"}],"predecessor-version":[{"id":12502,"href":"https:\/\/www.peter-electronic.com\/index.php?rest_route=\/wp\/v2\/pages\/28\/revisions\/12502"}],"wp:attachment":[{"href":"https:\/\/www.peter-electronic.com\/index.php?rest_route=%2Fwp%2Fv2%2Fmedia&parent=28"}],"curies":[{"name":"wp","href":"https:\/\/api.w.org\/{rel}","templated":true}]}}