{"id":19,"date":"2017-01-23T12:37:52","date_gmt":"2017-01-23T11:37:52","guid":{"rendered":"https:\/\/www.peter-electronic.com\/blog\/?page_id=19"},"modified":"2017-01-23T12:37:52","modified_gmt":"2017-01-23T11:37:52","slug":"faq","status":"publish","type":"page","link":"https:\/\/www.peter-electronic.com\/service\/faq\/","title":{"rendered":"FAQ-Center"},"content":{"rendered":"<p>Antworten zu h\u00e4ufig gestellten Fragen \u00fcber unsere Produktkategorien Frequenzumrichter, Softstarter und Bremsger\u00e4te erhalten Sie in unserem FAQ-Center. Bei weiteren Fragen zu unseren Produkten wenden Sie sich gerne an unseren technischen Support.<\/p>\n<h2><a href=\"https:\/\/www.peter-electronic.com\/service\/faq\/frequenzumrichter\/\">Frequenzumrichter<\/a><\/h2>\n<hr \/>\n<p><a href=\"https:\/\/www.peter-electronic.com\/service\/faq\/frequenzumrichter\/\">Frequenzumrichter - Netzseitige Installation<\/a><br \/>\n<a href=\"https:\/\/www.peter-electronic.com\/service\/faq\/frequenzumrichter\/\">Frequenzumrichter - Motorseitige Installation<\/a><br \/>\n<a href=\"https:\/\/www.peter-electronic.com\/service\/faq\/frequenzumrichter\/\">Frequenzumrichter -\u00a0Im Betrieb<\/a><\/p>\n<h2><a href=\"https:\/\/www.peter-electronic.com\/service\/faq\/softstarter\/\">Softstarter<\/a><\/h2>\n<hr \/>\n<p><a href=\"https:\/\/www.peter-electronic.com\/service\/faq\/softstarter\/\">Softstarter - Installation<\/a><br \/>\n<a href=\"https:\/\/www.peter-electronic.com\/service\/faq\/softstarter\/\">Softstarter - Allgemeines<\/a><\/p>\n<h2><a href=\"https:\/\/www.peter-electronic.com\/service\/faq\/bremsgeraete\/\">Bremsger\u00e4te<\/a><\/h2>\n<hr \/>\n<p><a href=\"https:\/\/www.peter-electronic.com\/service\/faq\/bremsgeraete\/\">Bremsger\u00e4te - Dimensionierung<\/a><br \/>\n<a href=\"https:\/\/www.peter-electronic.com\/service\/faq\/bremsgeraete\/\">Bremsger\u00e4te - Installation<\/a><\/p>\n","protected":false},"excerpt":{"rendered":"<p>Antworten zu h\u00e4ufig gestellten Fragen \u00fcber unsere Produktkategorien Frequenzumrichter, Softstarter und Bremsger\u00e4te erhalten Sie in unserem FAQ-Center. Bei weiteren Fragen zu unseren Produkten wenden Sie sich gerne an unseren technischen Support. Frequenzumrichter Frequenzumrichter &#8211; Netzseitige Installation Frequenzumrichter &#8211; Motorseitige Installation Frequenzumrichter &#8211;\u00a0Im Betrieb Softstarter Softstarter &#8211; Installation Softstarter &#8211; Allgemeines Bremsger\u00e4te Bremsger\u00e4te &#8211; Dimensionierung Bremsger\u00e4te [&hellip;]<\/p>\n","protected":false},"author":1,"featured_media":0,"parent":52,"menu_order":0,"comment_status":"closed","ping_status":"closed","template":"","meta":{"_acf_changed":false,"footnotes":""},"class_list":["post-19","page","type-page","status-publish","hentry"],"acf":[],"yoast_head":"<!-- This site is optimized with the Yoast SEO plugin v23.9 - https:\/\/yoast.com\/wordpress\/plugins\/seo\/ -->\n<title>FAQ-Center - Frequenzumrichter, Softstarter und Bremsger\u00e4te direkt vom Hersteller<\/title>\n<meta name=\"robots\" content=\"index, follow, max-snippet:-1, max-image-preview:large, max-video-preview:-1\" \/>\n<link rel=\"canonical\" href=\"https:\/\/www.peter-electronic.com\/service\/faq\/\" \/>\n<script type=\"application\/ld+json\" class=\"yoast-schema-graph\">{\"@context\":\"https:\/\/schema.org\",\"@graph\":[{\"@type\":\"WebPage\",\"@id\":\"https:\/\/www.peter-electronic.com\/service\/faq\/\",\"url\":\"https:\/\/www.peter-electronic.com\/service\/faq\/\",\"name\":\"FAQ-Center - Frequenzumrichter, Softstarter und Bremsger\u00e4te direkt vom Hersteller\",\"isPartOf\":{\"@id\":\"https:\/\/www.peter-electronic.com\/#website\"},\"datePublished\":\"2017-01-23T11:37:52+00:00\",\"dateModified\":\"2017-01-23T11:37:52+00:00\",\"breadcrumb\":{\"@id\":\"https:\/\/www.peter-electronic.com\/service\/faq\/#breadcrumb\"},\"inLanguage\":\"de\",\"potentialAction\":[{\"@type\":\"ReadAction\",\"target\":[\"https:\/\/www.peter-electronic.com\/service\/faq\/\"]}]},{\"@type\":\"BreadcrumbList\",\"@id\":\"https:\/\/www.peter-electronic.com\/service\/faq\/#breadcrumb\",\"itemListElement\":[{\"@type\":\"ListItem\",\"position\":1,\"name\":\"Startseite\",\"item\":\"https:\/\/www.peter-electronic.com\/\"},{\"@type\":\"ListItem\",\"position\":2,\"name\":\"Service\",\"item\":\"https:\/\/www.peter-electronic.com\/service\/\"},{\"@type\":\"ListItem\",\"position\":3,\"name\":\"FAQ-Center\"}]},{\"@type\":\"WebSite\",\"@id\":\"https:\/\/www.peter-electronic.com\/#website\",\"url\":\"https:\/\/www.peter-electronic.com\/\",\"name\":\"Frequenzumrichter, Softstarter und Bremsger\u00e4te direkt vom Hersteller\",\"description\":\"\",\"alternateName\":\"Frequenzumrichter, Softstarter und Bremsger\u00e4te direkt vom Hersteller\",\"potentialAction\":[{\"@type\":\"SearchAction\",\"target\":{\"@type\":\"EntryPoint\",\"urlTemplate\":\"https:\/\/www.peter-electronic.com\/?s={search_term_string}\"},\"query-input\":{\"@type\":\"PropertyValueSpecification\",\"valueRequired\":true,\"valueName\":\"search_term_string\"}}],\"inLanguage\":\"de\"}]}<\/script>\n<!-- \/ Yoast SEO plugin. -->","yoast_head_json":{"title":"FAQ-Center - Frequenzumrichter, Softstarter und Bremsger\u00e4te direkt vom Hersteller","robots":{"index":"index","follow":"follow","max-snippet":"max-snippet:-1","max-image-preview":"max-image-preview:large","max-video-preview":"max-video-preview:-1"},"canonical":"https:\/\/www.peter-electronic.com\/service\/faq\/","schema":{"@context":"https:\/\/schema.org","@graph":[{"@type":"WebPage","@id":"https:\/\/www.peter-electronic.com\/service\/faq\/","url":"https:\/\/www.peter-electronic.com\/service\/faq\/","name":"FAQ-Center - Frequenzumrichter, Softstarter und Bremsger\u00e4te direkt vom Hersteller","isPartOf":{"@id":"https:\/\/www.peter-electronic.com\/#website"},"datePublished":"2017-01-23T11:37:52+00:00","dateModified":"2017-01-23T11:37:52+00:00","breadcrumb":{"@id":"https:\/\/www.peter-electronic.com\/service\/faq\/#breadcrumb"},"inLanguage":"de","potentialAction":[{"@type":"ReadAction","target":["https:\/\/www.peter-electronic.com\/service\/faq\/"]}]},{"@type":"BreadcrumbList","@id":"https:\/\/www.peter-electronic.com\/service\/faq\/#breadcrumb","itemListElement":[{"@type":"ListItem","position":1,"name":"Startseite","item":"https:\/\/www.peter-electronic.com\/"},{"@type":"ListItem","position":2,"name":"Service","item":"https:\/\/www.peter-electronic.com\/service\/"},{"@type":"ListItem","position":3,"name":"FAQ-Center"}]},{"@type":"WebSite","@id":"https:\/\/www.peter-electronic.com\/#website","url":"https:\/\/www.peter-electronic.com\/","name":"Frequenzumrichter, Softstarter und Bremsger\u00e4te direkt vom Hersteller","description":"","alternateName":"Frequenzumrichter, Softstarter und Bremsger\u00e4te direkt vom Hersteller","potentialAction":[{"@type":"SearchAction","target":{"@type":"EntryPoint","urlTemplate":"https:\/\/www.peter-electronic.com\/?s={search_term_string}"},"query-input":{"@type":"PropertyValueSpecification","valueRequired":true,"valueName":"search_term_string"}}],"inLanguage":"de"}]}},"_links":{"self":[{"href":"https:\/\/www.peter-electronic.com\/index.php?rest_route=\/wp\/v2\/pages\/19","targetHints":{"allow":["GET"]}}],"collection":[{"href":"https:\/\/www.peter-electronic.com\/index.php?rest_route=\/wp\/v2\/pages"}],"about":[{"href":"https:\/\/www.peter-electronic.com\/index.php?rest_route=\/wp\/v2\/types\/page"}],"author":[{"embeddable":true,"href":"https:\/\/www.peter-electronic.com\/index.php?rest_route=\/wp\/v2\/users\/1"}],"replies":[{"embeddable":true,"href":"https:\/\/www.peter-electronic.com\/index.php?rest_route=%2Fwp%2Fv2%2Fcomments&post=19"}],"version-history":[{"count":0,"href":"https:\/\/www.peter-electronic.com\/index.php?rest_route=\/wp\/v2\/pages\/19\/revisions"}],"up":[{"embeddable":true,"href":"https:\/\/www.peter-electronic.com\/index.php?rest_route=\/wp\/v2\/pages\/52"}],"wp:attachment":[{"href":"https:\/\/www.peter-electronic.com\/index.php?rest_route=%2Fwp%2Fv2%2Fmedia&parent=19"}],"curies":[{"name":"wp","href":"https:\/\/api.w.org\/{rel}","templated":true}]}}