{"id":172,"date":"2017-01-28T12:49:35","date_gmt":"2017-01-28T11:49:35","guid":{"rendered":"https:\/\/www.peter-electronic.com\/?page_id=172"},"modified":"2017-01-28T12:49:35","modified_gmt":"2017-01-28T11:49:35","slug":"testgeraetebestellung","status":"publish","type":"page","link":"https:\/\/www.peter-electronic.com\/service\/testgeraetebestellung\/","title":{"rendered":"Testger\u00e4tebestellung"},"content":{"rendered":"<h2>Unser Ziel ist Ihre Zufriedenheit<\/h2>\n<p>Wir haben Vertrauen in unsere Produkte. Deshalb bieten wir Ihnen jederzeit eine unverbindliche Lieferung von Testger\u00e4ten an. Diese Option steht Ihnen innerhalb unseres Shops zur Verf\u00fcgung.<\/p>\n<h2>Ausw\u00e4hlen<\/h2>\n<p>W\u00e4hlen Sie das gew\u00fcnschte Produkt aus und klicken Sie auf den Button \u201eTestger\u00e4t bestellen\", um das Produkt in den Warenkorb zu legen.<\/p>\n<h2>Ger\u00e4telieferung mit erweitertem Zahlungsziel f\u00fcr Test<\/h2>\n<p>Sie k\u00f6nnen jedes Produkt 8 Wochen lang testen und sich von der Qualit\u00e4t und Eignung f\u00fcr Ihr Einsatzgebiet \u00fcberzeugen. Nat\u00fcrlich sind in diesem Rahmen auch Sonderregelungen m\u00f6glich, sprechen Sie uns hierzu einfach an.<\/p>\n","protected":false},"excerpt":{"rendered":"<p>Unser Ziel ist Ihre Zufriedenheit Wir haben Vertrauen in unsere Produkte. Deshalb bieten wir Ihnen jederzeit eine unverbindliche Lieferung von Testger\u00e4ten an. Diese Option steht Ihnen innerhalb unseres Shops zur Verf\u00fcgung. Ausw\u00e4hlen W\u00e4hlen Sie das gew\u00fcnschte Produkt aus und klicken Sie auf den Button \u201eTestger\u00e4t bestellen&#8221;, um das Produkt in den Warenkorb zu legen. Ger\u00e4telieferung [&hellip;]<\/p>\n","protected":false},"author":1,"featured_media":0,"parent":52,"menu_order":0,"comment_status":"closed","ping_status":"closed","template":"","meta":{"_acf_changed":false,"footnotes":""},"class_list":["post-172","page","type-page","status-publish","hentry"],"acf":[],"yoast_head":"<!-- This site is optimized with the Yoast SEO plugin v23.9 - https:\/\/yoast.com\/wordpress\/plugins\/seo\/ -->\n<title>Testger\u00e4tebestellung - Frequenzumrichter, Softstarter und Bremsger\u00e4te direkt vom Hersteller<\/title>\n<meta name=\"robots\" content=\"index, follow, max-snippet:-1, max-image-preview:large, max-video-preview:-1\" \/>\n<link rel=\"canonical\" href=\"https:\/\/www.peter-electronic.com\/service\/testgeraetebestellung\/\" \/>\n<script type=\"application\/ld+json\" class=\"yoast-schema-graph\">{\"@context\":\"https:\/\/schema.org\",\"@graph\":[{\"@type\":\"WebPage\",\"@id\":\"https:\/\/www.peter-electronic.com\/service\/testgeraetebestellung\/\",\"url\":\"https:\/\/www.peter-electronic.com\/service\/testgeraetebestellung\/\",\"name\":\"Testger\u00e4tebestellung - Frequenzumrichter, Softstarter und Bremsger\u00e4te direkt vom Hersteller\",\"isPartOf\":{\"@id\":\"https:\/\/www.peter-electronic.com\/#website\"},\"datePublished\":\"2017-01-28T11:49:35+00:00\",\"dateModified\":\"2017-01-28T11:49:35+00:00\",\"breadcrumb\":{\"@id\":\"https:\/\/www.peter-electronic.com\/service\/testgeraetebestellung\/#breadcrumb\"},\"inLanguage\":\"de\",\"potentialAction\":[{\"@type\":\"ReadAction\",\"target\":[\"https:\/\/www.peter-electronic.com\/service\/testgeraetebestellung\/\"]}]},{\"@type\":\"BreadcrumbList\",\"@id\":\"https:\/\/www.peter-electronic.com\/service\/testgeraetebestellung\/#breadcrumb\",\"itemListElement\":[{\"@type\":\"ListItem\",\"position\":1,\"name\":\"Startseite\",\"item\":\"https:\/\/www.peter-electronic.com\/\"},{\"@type\":\"ListItem\",\"position\":2,\"name\":\"Service\",\"item\":\"https:\/\/www.peter-electronic.com\/service\/\"},{\"@type\":\"ListItem\",\"position\":3,\"name\":\"Testger\u00e4tebestellung\"}]},{\"@type\":\"WebSite\",\"@id\":\"https:\/\/www.peter-electronic.com\/#website\",\"url\":\"https:\/\/www.peter-electronic.com\/\",\"name\":\"Frequenzumrichter, Softstarter und Bremsger\u00e4te direkt vom Hersteller\",\"description\":\"\",\"alternateName\":\"Frequenzumrichter, Softstarter und Bremsger\u00e4te direkt vom Hersteller\",\"potentialAction\":[{\"@type\":\"SearchAction\",\"target\":{\"@type\":\"EntryPoint\",\"urlTemplate\":\"https:\/\/www.peter-electronic.com\/?s={search_term_string}\"},\"query-input\":{\"@type\":\"PropertyValueSpecification\",\"valueRequired\":true,\"valueName\":\"search_term_string\"}}],\"inLanguage\":\"de\"}]}<\/script>\n<!-- \/ Yoast SEO plugin. -->","yoast_head_json":{"title":"Testger\u00e4tebestellung - Frequenzumrichter, Softstarter und Bremsger\u00e4te direkt vom Hersteller","robots":{"index":"index","follow":"follow","max-snippet":"max-snippet:-1","max-image-preview":"max-image-preview:large","max-video-preview":"max-video-preview:-1"},"canonical":"https:\/\/www.peter-electronic.com\/service\/testgeraetebestellung\/","schema":{"@context":"https:\/\/schema.org","@graph":[{"@type":"WebPage","@id":"https:\/\/www.peter-electronic.com\/service\/testgeraetebestellung\/","url":"https:\/\/www.peter-electronic.com\/service\/testgeraetebestellung\/","name":"Testger\u00e4tebestellung - Frequenzumrichter, Softstarter und Bremsger\u00e4te direkt vom Hersteller","isPartOf":{"@id":"https:\/\/www.peter-electronic.com\/#website"},"datePublished":"2017-01-28T11:49:35+00:00","dateModified":"2017-01-28T11:49:35+00:00","breadcrumb":{"@id":"https:\/\/www.peter-electronic.com\/service\/testgeraetebestellung\/#breadcrumb"},"inLanguage":"de","potentialAction":[{"@type":"ReadAction","target":["https:\/\/www.peter-electronic.com\/service\/testgeraetebestellung\/"]}]},{"@type":"BreadcrumbList","@id":"https:\/\/www.peter-electronic.com\/service\/testgeraetebestellung\/#breadcrumb","itemListElement":[{"@type":"ListItem","position":1,"name":"Startseite","item":"https:\/\/www.peter-electronic.com\/"},{"@type":"ListItem","position":2,"name":"Service","item":"https:\/\/www.peter-electronic.com\/service\/"},{"@type":"ListItem","position":3,"name":"Testger\u00e4tebestellung"}]},{"@type":"WebSite","@id":"https:\/\/www.peter-electronic.com\/#website","url":"https:\/\/www.peter-electronic.com\/","name":"Frequenzumrichter, Softstarter und Bremsger\u00e4te direkt vom Hersteller","description":"","alternateName":"Frequenzumrichter, Softstarter und Bremsger\u00e4te direkt vom Hersteller","potentialAction":[{"@type":"SearchAction","target":{"@type":"EntryPoint","urlTemplate":"https:\/\/www.peter-electronic.com\/?s={search_term_string}"},"query-input":{"@type":"PropertyValueSpecification","valueRequired":true,"valueName":"search_term_string"}}],"inLanguage":"de"}]}},"_links":{"self":[{"href":"https:\/\/www.peter-electronic.com\/index.php?rest_route=\/wp\/v2\/pages\/172","targetHints":{"allow":["GET"]}}],"collection":[{"href":"https:\/\/www.peter-electronic.com\/index.php?rest_route=\/wp\/v2\/pages"}],"about":[{"href":"https:\/\/www.peter-electronic.com\/index.php?rest_route=\/wp\/v2\/types\/page"}],"author":[{"embeddable":true,"href":"https:\/\/www.peter-electronic.com\/index.php?rest_route=\/wp\/v2\/users\/1"}],"replies":[{"embeddable":true,"href":"https:\/\/www.peter-electronic.com\/index.php?rest_route=%2Fwp%2Fv2%2Fcomments&post=172"}],"version-history":[{"count":0,"href":"https:\/\/www.peter-electronic.com\/index.php?rest_route=\/wp\/v2\/pages\/172\/revisions"}],"up":[{"embeddable":true,"href":"https:\/\/www.peter-electronic.com\/index.php?rest_route=\/wp\/v2\/pages\/52"}],"wp:attachment":[{"href":"https:\/\/www.peter-electronic.com\/index.php?rest_route=%2Fwp%2Fv2%2Fmedia&parent=172"}],"curies":[{"name":"wp","href":"https:\/\/api.w.org\/{rel}","templated":true}]}}