{"id":169,"date":"2017-01-28T12:49:16","date_gmt":"2017-01-28T11:49:16","guid":{"rendered":"https:\/\/www.peter-electronic.com\/?page_id=169"},"modified":"2017-01-28T12:49:16","modified_gmt":"2017-01-28T11:49:16","slug":"gewaehrleistung","status":"publish","type":"page","link":"https:\/\/www.peter-electronic.com\/service\/gewaehrleistung\/","title":{"rendered":"Gew\u00e4hrleistung"},"content":{"rendered":"<h2>Unsere Qualit\u00e4t ist die beste Gew\u00e4hrleistung<\/h2>\n<p>PETER electronic vertraut seinen Produkten und Dienstleistungen. Deshalb haben wir auch gro\u00dfz\u00fcgige Regelungen getroffen, die Ihnen Sicherheit geben. So k\u00f6nnen Sie beispielsweise \u00fcber unsere <a href=\"https:\/\/www.peter-electronic.com\/service\/testgeraetebestellung\/\">Testger\u00e4tebestellung<\/a> jedes Ger\u00e4t unverbindlich f\u00fcr Ihre Zwecke testen.<\/p>\n<h2>Service<\/h2>\n<p>Nat\u00fcrlich geht unsere Gew\u00e4hrleistung noch weiter, sprechen Sie bei Fragen zu diesem Thema einfach unseren Kundenservice an:<\/p>\n<p>Beratungstelefon:<br \/>\n+49 (0) 91 89 \/ 41 47-10<br \/>\n<a href=\"mailto:mail@peter-electronic.com\">mail@peter-electronic.com<\/a><\/p>\n","protected":false},"excerpt":{"rendered":"<p>Unsere Qualit\u00e4t ist die beste Gew\u00e4hrleistung PETER electronic vertraut seinen Produkten und Dienstleistungen. Deshalb haben wir auch gro\u00dfz\u00fcgige Regelungen getroffen, die Ihnen Sicherheit geben. So k\u00f6nnen Sie beispielsweise \u00fcber unsere Testger\u00e4tebestellung jedes Ger\u00e4t unverbindlich f\u00fcr Ihre Zwecke testen. Service Nat\u00fcrlich geht unsere Gew\u00e4hrleistung noch weiter, sprechen Sie bei Fragen zu diesem Thema einfach unseren Kundenservice [&hellip;]<\/p>\n","protected":false},"author":1,"featured_media":0,"parent":52,"menu_order":0,"comment_status":"closed","ping_status":"closed","template":"","meta":{"_acf_changed":false,"footnotes":""},"class_list":["post-169","page","type-page","status-publish","hentry"],"acf":[],"yoast_head":"<!-- This site is optimized with the Yoast SEO plugin v23.9 - https:\/\/yoast.com\/wordpress\/plugins\/seo\/ -->\n<title>Gew\u00e4hrleistung - Frequenzumrichter, Softstarter und Bremsger\u00e4te direkt vom Hersteller<\/title>\n<meta name=\"robots\" content=\"index, follow, max-snippet:-1, max-image-preview:large, max-video-preview:-1\" \/>\n<link rel=\"canonical\" href=\"https:\/\/www.peter-electronic.com\/service\/gewaehrleistung\/\" \/>\n<script type=\"application\/ld+json\" class=\"yoast-schema-graph\">{\"@context\":\"https:\/\/schema.org\",\"@graph\":[{\"@type\":\"WebPage\",\"@id\":\"https:\/\/www.peter-electronic.com\/service\/gewaehrleistung\/\",\"url\":\"https:\/\/www.peter-electronic.com\/service\/gewaehrleistung\/\",\"name\":\"Gew\u00e4hrleistung - Frequenzumrichter, Softstarter und Bremsger\u00e4te direkt vom Hersteller\",\"isPartOf\":{\"@id\":\"https:\/\/www.peter-electronic.com\/#website\"},\"datePublished\":\"2017-01-28T11:49:16+00:00\",\"dateModified\":\"2017-01-28T11:49:16+00:00\",\"breadcrumb\":{\"@id\":\"https:\/\/www.peter-electronic.com\/service\/gewaehrleistung\/#breadcrumb\"},\"inLanguage\":\"de\",\"potentialAction\":[{\"@type\":\"ReadAction\",\"target\":[\"https:\/\/www.peter-electronic.com\/service\/gewaehrleistung\/\"]}]},{\"@type\":\"BreadcrumbList\",\"@id\":\"https:\/\/www.peter-electronic.com\/service\/gewaehrleistung\/#breadcrumb\",\"itemListElement\":[{\"@type\":\"ListItem\",\"position\":1,\"name\":\"Startseite\",\"item\":\"https:\/\/www.peter-electronic.com\/\"},{\"@type\":\"ListItem\",\"position\":2,\"name\":\"Service\",\"item\":\"https:\/\/www.peter-electronic.com\/service\/\"},{\"@type\":\"ListItem\",\"position\":3,\"name\":\"Gew\u00e4hrleistung\"}]},{\"@type\":\"WebSite\",\"@id\":\"https:\/\/www.peter-electronic.com\/#website\",\"url\":\"https:\/\/www.peter-electronic.com\/\",\"name\":\"Frequenzumrichter, Softstarter und Bremsger\u00e4te direkt vom Hersteller\",\"description\":\"\",\"alternateName\":\"Frequenzumrichter, Softstarter und Bremsger\u00e4te direkt vom Hersteller\",\"potentialAction\":[{\"@type\":\"SearchAction\",\"target\":{\"@type\":\"EntryPoint\",\"urlTemplate\":\"https:\/\/www.peter-electronic.com\/?s={search_term_string}\"},\"query-input\":{\"@type\":\"PropertyValueSpecification\",\"valueRequired\":true,\"valueName\":\"search_term_string\"}}],\"inLanguage\":\"de\"}]}<\/script>\n<!-- \/ Yoast SEO plugin. -->","yoast_head_json":{"title":"Gew\u00e4hrleistung - Frequenzumrichter, Softstarter und Bremsger\u00e4te direkt vom Hersteller","robots":{"index":"index","follow":"follow","max-snippet":"max-snippet:-1","max-image-preview":"max-image-preview:large","max-video-preview":"max-video-preview:-1"},"canonical":"https:\/\/www.peter-electronic.com\/service\/gewaehrleistung\/","schema":{"@context":"https:\/\/schema.org","@graph":[{"@type":"WebPage","@id":"https:\/\/www.peter-electronic.com\/service\/gewaehrleistung\/","url":"https:\/\/www.peter-electronic.com\/service\/gewaehrleistung\/","name":"Gew\u00e4hrleistung - Frequenzumrichter, Softstarter und Bremsger\u00e4te direkt vom Hersteller","isPartOf":{"@id":"https:\/\/www.peter-electronic.com\/#website"},"datePublished":"2017-01-28T11:49:16+00:00","dateModified":"2017-01-28T11:49:16+00:00","breadcrumb":{"@id":"https:\/\/www.peter-electronic.com\/service\/gewaehrleistung\/#breadcrumb"},"inLanguage":"de","potentialAction":[{"@type":"ReadAction","target":["https:\/\/www.peter-electronic.com\/service\/gewaehrleistung\/"]}]},{"@type":"BreadcrumbList","@id":"https:\/\/www.peter-electronic.com\/service\/gewaehrleistung\/#breadcrumb","itemListElement":[{"@type":"ListItem","position":1,"name":"Startseite","item":"https:\/\/www.peter-electronic.com\/"},{"@type":"ListItem","position":2,"name":"Service","item":"https:\/\/www.peter-electronic.com\/service\/"},{"@type":"ListItem","position":3,"name":"Gew\u00e4hrleistung"}]},{"@type":"WebSite","@id":"https:\/\/www.peter-electronic.com\/#website","url":"https:\/\/www.peter-electronic.com\/","name":"Frequenzumrichter, Softstarter und Bremsger\u00e4te direkt vom Hersteller","description":"","alternateName":"Frequenzumrichter, Softstarter und Bremsger\u00e4te direkt vom Hersteller","potentialAction":[{"@type":"SearchAction","target":{"@type":"EntryPoint","urlTemplate":"https:\/\/www.peter-electronic.com\/?s={search_term_string}"},"query-input":{"@type":"PropertyValueSpecification","valueRequired":true,"valueName":"search_term_string"}}],"inLanguage":"de"}]}},"_links":{"self":[{"href":"https:\/\/www.peter-electronic.com\/index.php?rest_route=\/wp\/v2\/pages\/169","targetHints":{"allow":["GET"]}}],"collection":[{"href":"https:\/\/www.peter-electronic.com\/index.php?rest_route=\/wp\/v2\/pages"}],"about":[{"href":"https:\/\/www.peter-electronic.com\/index.php?rest_route=\/wp\/v2\/types\/page"}],"author":[{"embeddable":true,"href":"https:\/\/www.peter-electronic.com\/index.php?rest_route=\/wp\/v2\/users\/1"}],"replies":[{"embeddable":true,"href":"https:\/\/www.peter-electronic.com\/index.php?rest_route=%2Fwp%2Fv2%2Fcomments&post=169"}],"version-history":[{"count":0,"href":"https:\/\/www.peter-electronic.com\/index.php?rest_route=\/wp\/v2\/pages\/169\/revisions"}],"up":[{"embeddable":true,"href":"https:\/\/www.peter-electronic.com\/index.php?rest_route=\/wp\/v2\/pages\/52"}],"wp:attachment":[{"href":"https:\/\/www.peter-electronic.com\/index.php?rest_route=%2Fwp%2Fv2%2Fmedia&parent=169"}],"curies":[{"name":"wp","href":"https:\/\/api.w.org\/{rel}","templated":true}]}}