{"id":161,"date":"2017-01-28T12:40:48","date_gmt":"2017-01-28T11:40:48","guid":{"rendered":"https:\/\/www.peter-electronic.com\/?page_id=161"},"modified":"2017-01-28T12:40:48","modified_gmt":"2017-01-28T11:40:48","slug":"dokumentencenter","status":"publish","type":"page","link":"https:\/\/www.peter-electronic.com\/service\/dokumentencenter\/","title":{"rendered":"Dokumentencenter"},"content":{"rendered":"<p>In unserem Dokumentencenter stellen wir Ihnen detaillierte technische Informationen zu unseren Produktkategorien und Produkten zur Verf\u00fcgung. Auf den folgenden Seiten finden Sie einen \u00dcberblick \u00fcber die von uns zum Download zur Verf\u00fcgung gestellten technischen Datenbl\u00e4tter, Anschlusspl\u00e4ne, Inbetriebnahmeanleitungen und Dimensionierungshinweise im PDF-Format.<\/p>\n<h2><a href=\"https:\/\/www.peter-electronic.com\/service\/dokumentencenter\/technische-datenblaetter\/\">Technische Datenbl\u00e4tter<\/a><\/h2>\n<hr \/>\n<p><a href=\"https:\/\/www.peter-electronic.com\/service\/dokumentencenter\/technische-datenblaetter\/frequenzumrichter\/\">Frequenzumrichter<\/a><br \/>\n<a href=\"https:\/\/www.peter-electronic.com\/service\/dokumentencenter\/technische-datenblaetter\/softstarter\/\">Softstarter<\/a><br \/>\n<a href=\"https:\/\/www.peter-electronic.com\/service\/dokumentencenter\/technische-datenblaetter\/bremsgeraete\/\">Bremsger\u00e4te<\/a><br \/>\n<a href=\"https:\/\/www.peter-electronic.com\/service\/dokumentencenter\/technische-datenblaetter\/motorstart-bremskombinationen\/\">Motorstart-Bremskombinationen<\/a><br \/>\n<a href=\"https:\/\/www.peter-electronic.com\/service\/dokumentencenter\/technische-datenblaetter\/gleichstromregler\/\">Gleichstromregler<\/a><br \/>\n<a href=\"https:\/\/www.peter-electronic.com\/service\/dokumentencenter\/technische-datenblaetter\/sicherheitstechnik\/\">Sicherheitstechnik<\/a><\/p>\n<h2><a href=\"https:\/\/www.peter-electronic.com\/service\/dokumentencenter\/anschlussplaene\/\">Anschlusspl\u00e4ne<\/a><\/h2>\n<hr \/>\n<p><a href=\"https:\/\/www.peter-electronic.com\/service\/dokumentencenter\/anschlussplaene\/kombination-softstarter-mit-bremsgeraet\/\">Kombination Softstarter mit Bremsger\u00e4t<\/a><br \/>\n<a href=\"https:\/\/www.peter-electronic.com\/service\/dokumentencenter\/anschlussplaene\/bremsgeraete\/\">Bremsger\u00e4te<\/a><br \/>\n<a href=\"https:\/\/www.peter-electronic.com\/service\/dokumentencenter\/anschlussplaene\/motorstart-bremskombinationen\/\">Motorstart-Bremskombinationen<\/a><\/p>\n<h2><a href=\"https:\/\/www.peter-electronic.com\/service\/dokumentencenter\/dimensionierungshinweise\/\">Dimensionierungshinweise<\/a><\/h2>\n<hr \/>\n<p><a href=\"https:\/\/www.peter-electronic.com\/service\/dokumentencenter\/dimensionierungshinweise\/\">Dimensionierungshinweise<\/a><\/p>\n<h2><a href=\"https:\/\/www.peter-electronic.com\/service\/dokumentencenter\/inbetriebnahmeanleitungen\/\">Inbetriebnahmeanleitungen<\/a><\/h2>\n<hr \/>\n<p><a href=\"https:\/\/www.peter-electronic.com\/service\/dokumentencenter\/inbetriebnahmeanleitungen\/frequenzumrichter\/\">Frequenzumrichter<\/a><br \/>\n<a href=\"https:\/\/www.peter-electronic.com\/service\/dokumentencenter\/inbetriebnahmeanleitungen\/softstarter\/\">Softstarter<\/a><br \/>\n<a href=\"https:\/\/www.peter-electronic.com\/service\/dokumentencenter\/inbetriebnahmeanleitungen\/bremsgeraete\/\">Bremsger\u00e4te<\/a><br \/>\n<a href=\"https:\/\/www.peter-electronic.com\/service\/dokumentencenter\/inbetriebnahmeanleitungen\/motorstart-bremskombinationen\/\">Motorstart-Bremskombinationen<\/a><br \/>\n<a href=\"https:\/\/www.peter-electronic.com\/service\/dokumentencenter\/inbetriebnahmeanleitungen\/gleichstromregler\/\">Gleichstromregler<\/a><br \/>\n<a href=\"https:\/\/www.peter-electronic.com\/service\/dokumentencenter\/inbetriebnahmeanleitungen\/sicherheitstechnik\/\">Sicherheitstechnik<\/a><\/p>\n<h2><a href=\"https:\/\/www.peter-electronic.com\/service\/dokumentencenter\/bediensoftware\/\">Bediensoftware<\/a><\/h2>\n<hr \/>\n<p><a href=\"https:\/\/www.peter-electronic.com\/service\/dokumentencenter\/bediensoftware\/\">Bediensoftware<\/a><\/p>\n","protected":false},"excerpt":{"rendered":"<p>In unserem Dokumentencenter stellen wir Ihnen detaillierte technische Informationen zu unseren Produktkategorien und Produkten zur Verf\u00fcgung. Auf den folgenden Seiten finden Sie einen \u00dcberblick \u00fcber die von uns zum Download zur Verf\u00fcgung gestellten technischen Datenbl\u00e4tter, Anschlusspl\u00e4ne, Inbetriebnahmeanleitungen und Dimensionierungshinweise im PDF-Format. Technische Datenbl\u00e4tter Frequenzumrichter Softstarter Bremsger\u00e4te Motorstart-Bremskombinationen Gleichstromregler Sicherheitstechnik Anschlusspl\u00e4ne Kombination Softstarter mit Bremsger\u00e4t Bremsger\u00e4te [&hellip;]<\/p>\n","protected":false},"author":1,"featured_media":0,"parent":52,"menu_order":0,"comment_status":"closed","ping_status":"closed","template":"","meta":{"_acf_changed":false,"footnotes":""},"class_list":["post-161","page","type-page","status-publish","hentry"],"acf":[],"yoast_head":"<!-- This site is optimized with the Yoast SEO plugin v23.9 - https:\/\/yoast.com\/wordpress\/plugins\/seo\/ -->\n<title>Dokumentencenter f\u00fcr Frequenzumrichter, Softstarter, Bremsger\u00e4te<\/title>\n<meta name=\"description\" content=\"In unserem Dokumentencenter stellen wir Ihnen detaillierte technische Informationen zu unseren Produktkategorien f\u00fcr Frequenzumrichter, Softstarter und Bremsger\u00e4te zur Verf\u00fcgung.\" \/>\n<meta name=\"robots\" content=\"index, follow, max-snippet:-1, max-image-preview:large, max-video-preview:-1\" \/>\n<link rel=\"canonical\" href=\"https:\/\/www.peter-electronic.com\/service\/dokumentencenter\/\" \/>\n<script type=\"application\/ld+json\" class=\"yoast-schema-graph\">{\"@context\":\"https:\/\/schema.org\",\"@graph\":[{\"@type\":\"WebPage\",\"@id\":\"https:\/\/www.peter-electronic.com\/service\/dokumentencenter\/\",\"url\":\"https:\/\/www.peter-electronic.com\/service\/dokumentencenter\/\",\"name\":\"Dokumentencenter f\u00fcr Frequenzumrichter, Softstarter, Bremsger\u00e4te\",\"isPartOf\":{\"@id\":\"https:\/\/www.peter-electronic.com\/#website\"},\"datePublished\":\"2017-01-28T11:40:48+00:00\",\"dateModified\":\"2017-01-28T11:40:48+00:00\",\"description\":\"In unserem Dokumentencenter stellen wir Ihnen detaillierte technische Informationen zu unseren Produktkategorien f\u00fcr Frequenzumrichter, Softstarter und Bremsger\u00e4te zur Verf\u00fcgung.\",\"breadcrumb\":{\"@id\":\"https:\/\/www.peter-electronic.com\/service\/dokumentencenter\/#breadcrumb\"},\"inLanguage\":\"de\",\"potentialAction\":[{\"@type\":\"ReadAction\",\"target\":[\"https:\/\/www.peter-electronic.com\/service\/dokumentencenter\/\"]}]},{\"@type\":\"BreadcrumbList\",\"@id\":\"https:\/\/www.peter-electronic.com\/service\/dokumentencenter\/#breadcrumb\",\"itemListElement\":[{\"@type\":\"ListItem\",\"position\":1,\"name\":\"Startseite\",\"item\":\"https:\/\/www.peter-electronic.com\/\"},{\"@type\":\"ListItem\",\"position\":2,\"name\":\"Service\",\"item\":\"https:\/\/www.peter-electronic.com\/service\/\"},{\"@type\":\"ListItem\",\"position\":3,\"name\":\"Dokumentencenter\"}]},{\"@type\":\"WebSite\",\"@id\":\"https:\/\/www.peter-electronic.com\/#website\",\"url\":\"https:\/\/www.peter-electronic.com\/\",\"name\":\"Frequenzumrichter, Softstarter und Bremsger\u00e4te direkt vom Hersteller\",\"description\":\"\",\"alternateName\":\"Frequenzumrichter, Softstarter und Bremsger\u00e4te direkt vom Hersteller\",\"potentialAction\":[{\"@type\":\"SearchAction\",\"target\":{\"@type\":\"EntryPoint\",\"urlTemplate\":\"https:\/\/www.peter-electronic.com\/?s={search_term_string}\"},\"query-input\":{\"@type\":\"PropertyValueSpecification\",\"valueRequired\":true,\"valueName\":\"search_term_string\"}}],\"inLanguage\":\"de\"}]}<\/script>\n<!-- \/ Yoast SEO plugin. -->","yoast_head_json":{"title":"Dokumentencenter f\u00fcr Frequenzumrichter, Softstarter, Bremsger\u00e4te","description":"In unserem Dokumentencenter stellen wir Ihnen detaillierte technische Informationen zu unseren Produktkategorien f\u00fcr Frequenzumrichter, Softstarter und Bremsger\u00e4te zur Verf\u00fcgung.","robots":{"index":"index","follow":"follow","max-snippet":"max-snippet:-1","max-image-preview":"max-image-preview:large","max-video-preview":"max-video-preview:-1"},"canonical":"https:\/\/www.peter-electronic.com\/service\/dokumentencenter\/","schema":{"@context":"https:\/\/schema.org","@graph":[{"@type":"WebPage","@id":"https:\/\/www.peter-electronic.com\/service\/dokumentencenter\/","url":"https:\/\/www.peter-electronic.com\/service\/dokumentencenter\/","name":"Dokumentencenter f\u00fcr Frequenzumrichter, Softstarter, Bremsger\u00e4te","isPartOf":{"@id":"https:\/\/www.peter-electronic.com\/#website"},"datePublished":"2017-01-28T11:40:48+00:00","dateModified":"2017-01-28T11:40:48+00:00","description":"In unserem Dokumentencenter stellen wir Ihnen detaillierte technische Informationen zu unseren Produktkategorien f\u00fcr Frequenzumrichter, Softstarter und Bremsger\u00e4te zur Verf\u00fcgung.","breadcrumb":{"@id":"https:\/\/www.peter-electronic.com\/service\/dokumentencenter\/#breadcrumb"},"inLanguage":"de","potentialAction":[{"@type":"ReadAction","target":["https:\/\/www.peter-electronic.com\/service\/dokumentencenter\/"]}]},{"@type":"BreadcrumbList","@id":"https:\/\/www.peter-electronic.com\/service\/dokumentencenter\/#breadcrumb","itemListElement":[{"@type":"ListItem","position":1,"name":"Startseite","item":"https:\/\/www.peter-electronic.com\/"},{"@type":"ListItem","position":2,"name":"Service","item":"https:\/\/www.peter-electronic.com\/service\/"},{"@type":"ListItem","position":3,"name":"Dokumentencenter"}]},{"@type":"WebSite","@id":"https:\/\/www.peter-electronic.com\/#website","url":"https:\/\/www.peter-electronic.com\/","name":"Frequenzumrichter, Softstarter und Bremsger\u00e4te direkt vom Hersteller","description":"","alternateName":"Frequenzumrichter, Softstarter und Bremsger\u00e4te direkt vom Hersteller","potentialAction":[{"@type":"SearchAction","target":{"@type":"EntryPoint","urlTemplate":"https:\/\/www.peter-electronic.com\/?s={search_term_string}"},"query-input":{"@type":"PropertyValueSpecification","valueRequired":true,"valueName":"search_term_string"}}],"inLanguage":"de"}]}},"_links":{"self":[{"href":"https:\/\/www.peter-electronic.com\/index.php?rest_route=\/wp\/v2\/pages\/161","targetHints":{"allow":["GET"]}}],"collection":[{"href":"https:\/\/www.peter-electronic.com\/index.php?rest_route=\/wp\/v2\/pages"}],"about":[{"href":"https:\/\/www.peter-electronic.com\/index.php?rest_route=\/wp\/v2\/types\/page"}],"author":[{"embeddable":true,"href":"https:\/\/www.peter-electronic.com\/index.php?rest_route=\/wp\/v2\/users\/1"}],"replies":[{"embeddable":true,"href":"https:\/\/www.peter-electronic.com\/index.php?rest_route=%2Fwp%2Fv2%2Fcomments&post=161"}],"version-history":[{"count":2,"href":"https:\/\/www.peter-electronic.com\/index.php?rest_route=\/wp\/v2\/pages\/161\/revisions"}],"predecessor-version":[{"id":5394,"href":"https:\/\/www.peter-electronic.com\/index.php?rest_route=\/wp\/v2\/pages\/161\/revisions\/5394"}],"up":[{"embeddable":true,"href":"https:\/\/www.peter-electronic.com\/index.php?rest_route=\/wp\/v2\/pages\/52"}],"wp:attachment":[{"href":"https:\/\/www.peter-electronic.com\/index.php?rest_route=%2Fwp%2Fv2%2Fmedia&parent=161"}],"curies":[{"name":"wp","href":"https:\/\/api.w.org\/{rel}","templated":true}]}}