{"id":107,"date":"2017-01-26T17:01:11","date_gmt":"2017-01-26T16:01:11","guid":{"rendered":"https:\/\/www.peter-electronic.com\/blog\/faq\/frequenzumrichter\/wann-sollte-ich-die-spin-start-motorfang-funktion-an-meinem-frequenzumrichter-versidrive-i-verwenden\/"},"modified":"2017-01-26T17:01:11","modified_gmt":"2017-01-26T16:01:11","slug":"wann-sollte-ich-die-spin-start-rotationsstart-funktion-an-meinem-frequenzumrichter-versidrive-i-verwenden","status":"publish","type":"page","link":"https:\/\/www.peter-electronic.com\/service\/faq\/frequenzumrichter\/wann-sollte-ich-die-spin-start-rotationsstart-funktion-an-meinem-frequenzumrichter-versidrive-i-verwenden\/","title":{"rendered":"Wann sollte ich die &#8220;Spin-Start (Rotationsstart)&#8221;-Funktion an meinem Frequenzumrichter VersiDrive\u00a0i verwenden?"},"content":{"rendered":"<p><em>Frequenzumrichter \u2013 im Betrieb<\/em><\/p>\n<hr \/>\n<h1>Wann sollte ich die \"Spin-Start (Rotationsstart)\"-Funktion an meinem Frequenzumrichter VersiDrive&nbsp;i verwenden?<\/h1>\n<p>Beim sogenannten \"Spin Start\" handelt es sich um eine Funktion, die die Rotordrehzahl des Motors beim Anlauf erfasst und dann die Frequenzumrichter-Ausgangsfrequenz der erfassten Rotordrehzahl anpasst.<\/p>\n<p>Noch rotierende Lasten k\u00f6nnen zur Folge haben, dass w\u00e4hrend des Anlaufs h\u00f6here Str\u00f6me im Frequenzumrichter flie\u00dfen und das VersiDrive\u00a0i-Ger\u00e4t m\u00f6glicherweise besch\u00e4digen k\u00f6nnen.<\/p>\n<p>Die \"Spin Start\"-Funktion sollte bei jeder Anwendung verwendet werden, bei der sich die Motorwelle evtl. bereits dreht, wenn der Frequenzumrichter aktiviert wird.<\/p>\n<p>So z.B. bei Lasten, die noch bis zum Stopp austrudeln, wenn der Frequenzumrichter neu aktiviert wird (hohe Schwungmassen), oder bei auf Grund der nat\u00fcrlichen Luftbewegung freilaufenden Gebl\u00e4sen, wenn der Umrichterausgang gesperrt ist.<\/p>\n<p>VersiDrive\u00a0i-Ger\u00e4te ohne \"Spin Start\"-Funktion, die in rotierende Lasten hinein gestartet werden, sollten stattdessen die Gleichstrom(DC)bremse beim Start aktivieren.<\/p>\n<hr \/>\n","protected":false},"excerpt":{"rendered":"<p>Frequenzumrichter \u2013 im Betrieb Wann sollte ich die &#8220;Spin-Start (Rotationsstart)&#8221;-Funktion an meinem Frequenzumrichter VersiDrive&nbsp;i verwenden? Beim sogenannten &#8220;Spin Start&#8221; handelt es sich um eine Funktion, die die Rotordrehzahl des Motors beim Anlauf erfasst und dann die Frequenzumrichter-Ausgangsfrequenz der erfassten Rotordrehzahl anpasst. Noch rotierende Lasten k\u00f6nnen zur Folge haben, dass w\u00e4hrend des Anlaufs h\u00f6here Str\u00f6me im [&hellip;]<\/p>\n","protected":false},"author":1,"featured_media":0,"parent":79,"menu_order":16,"comment_status":"closed","ping_status":"closed","template":"","meta":{"_acf_changed":false,"footnotes":""},"class_list":["post-107","page","type-page","status-publish","hentry"],"acf":[],"yoast_head":"<!-- This site is optimized with the Yoast SEO plugin v23.9 - https:\/\/yoast.com\/wordpress\/plugins\/seo\/ -->\n<title>Wann sollte ich die &quot;Spin-Start (Rotationsstart)&quot;-Funktion an meinem Frequenzumrichter VersiDrive\u00a0i verwenden? - Frequenzumrichter, Softstarter und Bremsger\u00e4te direkt vom Hersteller<\/title>\n<meta name=\"robots\" content=\"index, follow, max-snippet:-1, max-image-preview:large, max-video-preview:-1\" \/>\n<link rel=\"canonical\" href=\"https:\/\/www.peter-electronic.com\/service\/faq\/frequenzumrichter\/wann-sollte-ich-die-spin-start-rotationsstart-funktion-an-meinem-frequenzumrichter-versidrive-i-verwenden\/\" \/>\n<script type=\"application\/ld+json\" class=\"yoast-schema-graph\">{\"@context\":\"https:\/\/schema.org\",\"@graph\":[{\"@type\":\"WebPage\",\"@id\":\"https:\/\/www.peter-electronic.com\/service\/faq\/frequenzumrichter\/wann-sollte-ich-die-spin-start-rotationsstart-funktion-an-meinem-frequenzumrichter-versidrive-i-verwenden\/\",\"url\":\"https:\/\/www.peter-electronic.com\/service\/faq\/frequenzumrichter\/wann-sollte-ich-die-spin-start-rotationsstart-funktion-an-meinem-frequenzumrichter-versidrive-i-verwenden\/\",\"name\":\"Wann sollte ich die \\\"Spin-Start (Rotationsstart)\\\"-Funktion an meinem Frequenzumrichter VersiDrive\u00a0i verwenden? - Frequenzumrichter, Softstarter und Bremsger\u00e4te direkt vom Hersteller\",\"isPartOf\":{\"@id\":\"https:\/\/www.peter-electronic.com\/#website\"},\"datePublished\":\"2017-01-26T16:01:11+00:00\",\"dateModified\":\"2017-01-26T16:01:11+00:00\",\"breadcrumb\":{\"@id\":\"https:\/\/www.peter-electronic.com\/service\/faq\/frequenzumrichter\/wann-sollte-ich-die-spin-start-rotationsstart-funktion-an-meinem-frequenzumrichter-versidrive-i-verwenden\/#breadcrumb\"},\"inLanguage\":\"de\",\"potentialAction\":[{\"@type\":\"ReadAction\",\"target\":[\"https:\/\/www.peter-electronic.com\/service\/faq\/frequenzumrichter\/wann-sollte-ich-die-spin-start-rotationsstart-funktion-an-meinem-frequenzumrichter-versidrive-i-verwenden\/\"]}]},{\"@type\":\"BreadcrumbList\",\"@id\":\"https:\/\/www.peter-electronic.com\/service\/faq\/frequenzumrichter\/wann-sollte-ich-die-spin-start-rotationsstart-funktion-an-meinem-frequenzumrichter-versidrive-i-verwenden\/#breadcrumb\",\"itemListElement\":[{\"@type\":\"ListItem\",\"position\":1,\"name\":\"Startseite\",\"item\":\"https:\/\/www.peter-electronic.com\/\"},{\"@type\":\"ListItem\",\"position\":2,\"name\":\"Service\",\"item\":\"https:\/\/www.peter-electronic.com\/service\/\"},{\"@type\":\"ListItem\",\"position\":3,\"name\":\"FAQ-Center\",\"item\":\"https:\/\/www.peter-electronic.com\/service\/faq\/\"},{\"@type\":\"ListItem\",\"position\":4,\"name\":\"Frequenzumrichter\",\"item\":\"https:\/\/www.peter-electronic.com\/service\/faq\/frequenzumrichter\/\"},{\"@type\":\"ListItem\",\"position\":5,\"name\":\"Wann sollte ich die &#8220;Spin-Start (Rotationsstart)&#8221;-Funktion an meinem Frequenzumrichter VersiDrive\u00a0i verwenden?\"}]},{\"@type\":\"WebSite\",\"@id\":\"https:\/\/www.peter-electronic.com\/#website\",\"url\":\"https:\/\/www.peter-electronic.com\/\",\"name\":\"Frequenzumrichter, Softstarter und Bremsger\u00e4te direkt vom Hersteller\",\"description\":\"\",\"alternateName\":\"Frequenzumrichter, Softstarter und Bremsger\u00e4te direkt vom Hersteller\",\"potentialAction\":[{\"@type\":\"SearchAction\",\"target\":{\"@type\":\"EntryPoint\",\"urlTemplate\":\"https:\/\/www.peter-electronic.com\/?s={search_term_string}\"},\"query-input\":{\"@type\":\"PropertyValueSpecification\",\"valueRequired\":true,\"valueName\":\"search_term_string\"}}],\"inLanguage\":\"de\"}]}<\/script>\n<!-- \/ Yoast SEO plugin. -->","yoast_head_json":{"title":"Wann sollte ich die \"Spin-Start (Rotationsstart)\"-Funktion an meinem Frequenzumrichter VersiDrive\u00a0i verwenden? - Frequenzumrichter, Softstarter und Bremsger\u00e4te direkt vom Hersteller","robots":{"index":"index","follow":"follow","max-snippet":"max-snippet:-1","max-image-preview":"max-image-preview:large","max-video-preview":"max-video-preview:-1"},"canonical":"https:\/\/www.peter-electronic.com\/service\/faq\/frequenzumrichter\/wann-sollte-ich-die-spin-start-rotationsstart-funktion-an-meinem-frequenzumrichter-versidrive-i-verwenden\/","schema":{"@context":"https:\/\/schema.org","@graph":[{"@type":"WebPage","@id":"https:\/\/www.peter-electronic.com\/service\/faq\/frequenzumrichter\/wann-sollte-ich-die-spin-start-rotationsstart-funktion-an-meinem-frequenzumrichter-versidrive-i-verwenden\/","url":"https:\/\/www.peter-electronic.com\/service\/faq\/frequenzumrichter\/wann-sollte-ich-die-spin-start-rotationsstart-funktion-an-meinem-frequenzumrichter-versidrive-i-verwenden\/","name":"Wann sollte ich die \"Spin-Start (Rotationsstart)\"-Funktion an meinem Frequenzumrichter VersiDrive\u00a0i verwenden? - Frequenzumrichter, Softstarter und Bremsger\u00e4te direkt vom Hersteller","isPartOf":{"@id":"https:\/\/www.peter-electronic.com\/#website"},"datePublished":"2017-01-26T16:01:11+00:00","dateModified":"2017-01-26T16:01:11+00:00","breadcrumb":{"@id":"https:\/\/www.peter-electronic.com\/service\/faq\/frequenzumrichter\/wann-sollte-ich-die-spin-start-rotationsstart-funktion-an-meinem-frequenzumrichter-versidrive-i-verwenden\/#breadcrumb"},"inLanguage":"de","potentialAction":[{"@type":"ReadAction","target":["https:\/\/www.peter-electronic.com\/service\/faq\/frequenzumrichter\/wann-sollte-ich-die-spin-start-rotationsstart-funktion-an-meinem-frequenzumrichter-versidrive-i-verwenden\/"]}]},{"@type":"BreadcrumbList","@id":"https:\/\/www.peter-electronic.com\/service\/faq\/frequenzumrichter\/wann-sollte-ich-die-spin-start-rotationsstart-funktion-an-meinem-frequenzumrichter-versidrive-i-verwenden\/#breadcrumb","itemListElement":[{"@type":"ListItem","position":1,"name":"Startseite","item":"https:\/\/www.peter-electronic.com\/"},{"@type":"ListItem","position":2,"name":"Service","item":"https:\/\/www.peter-electronic.com\/service\/"},{"@type":"ListItem","position":3,"name":"FAQ-Center","item":"https:\/\/www.peter-electronic.com\/service\/faq\/"},{"@type":"ListItem","position":4,"name":"Frequenzumrichter","item":"https:\/\/www.peter-electronic.com\/service\/faq\/frequenzumrichter\/"},{"@type":"ListItem","position":5,"name":"Wann sollte ich die &#8220;Spin-Start (Rotationsstart)&#8221;-Funktion an meinem Frequenzumrichter VersiDrive\u00a0i verwenden?"}]},{"@type":"WebSite","@id":"https:\/\/www.peter-electronic.com\/#website","url":"https:\/\/www.peter-electronic.com\/","name":"Frequenzumrichter, Softstarter und Bremsger\u00e4te direkt vom Hersteller","description":"","alternateName":"Frequenzumrichter, Softstarter und Bremsger\u00e4te direkt vom Hersteller","potentialAction":[{"@type":"SearchAction","target":{"@type":"EntryPoint","urlTemplate":"https:\/\/www.peter-electronic.com\/?s={search_term_string}"},"query-input":{"@type":"PropertyValueSpecification","valueRequired":true,"valueName":"search_term_string"}}],"inLanguage":"de"}]}},"_links":{"self":[{"href":"https:\/\/www.peter-electronic.com\/index.php?rest_route=\/wp\/v2\/pages\/107","targetHints":{"allow":["GET"]}}],"collection":[{"href":"https:\/\/www.peter-electronic.com\/index.php?rest_route=\/wp\/v2\/pages"}],"about":[{"href":"https:\/\/www.peter-electronic.com\/index.php?rest_route=\/wp\/v2\/types\/page"}],"author":[{"embeddable":true,"href":"https:\/\/www.peter-electronic.com\/index.php?rest_route=\/wp\/v2\/users\/1"}],"replies":[{"embeddable":true,"href":"https:\/\/www.peter-electronic.com\/index.php?rest_route=%2Fwp%2Fv2%2Fcomments&post=107"}],"version-history":[{"count":0,"href":"https:\/\/www.peter-electronic.com\/index.php?rest_route=\/wp\/v2\/pages\/107\/revisions"}],"up":[{"embeddable":true,"href":"https:\/\/www.peter-electronic.com\/index.php?rest_route=\/wp\/v2\/pages\/79"}],"wp:attachment":[{"href":"https:\/\/www.peter-electronic.com\/index.php?rest_route=%2Fwp%2Fv2%2Fmedia&parent=107"}],"curies":[{"name":"wp","href":"https:\/\/api.w.org\/{rel}","templated":true}]}}